{"id":78,"date":"2020-04-17T17:47:35","date_gmt":"2020-04-17T15:47:35","guid":{"rendered":"http:\/\/localhost:8081\/?page_id=78"},"modified":"2026-04-01T09:33:41","modified_gmt":"2026-04-01T07:33:41","slug":"nach-ausschuessen-aufsichtsraeten","status":"publish","type":"page","link":"https:\/\/web4.karlsruhe.de\/Gemeinderat\/Gruene\/personen\/nach-ausschuessen-aufsichtsraeten\/","title":{"rendered":"nach Aussch\u00fcssen \/ Aufsichtsr\u00e4ten"},"content":{"rendered":"\n<p>Hier finden Sie, welches Fraktionsmitglied in den gemeinder\u00e4tlichen Aussch\u00fcssen und st\u00e4dtischen Aufsichtsr\u00e4ten die gr\u00fcnen Belange vertritt:<\/p>\n\n\n\n<h2 class=\"wp-block-heading\">Aussch\u00fcsse<\/h2>\n\n\n\n<ul class=\"wp-block-list\">\n<li><strong>B\u00e4derausschuss:<\/strong> <a href=\"https:\/\/web4.karlsruhe.de\/Gemeinderat\/Gruene\/personen\/fraktionsmitglieder\/verena-anlauf\/\">Verena Anlauf<\/a>, <a href=\"https:\/\/web4.karlsruhe.de\/Gemeinderat\/Gruene\/personen\/fraktionsmitglieder\/ivo-dujmovic\/\">Ivo Dujmovi\u0107<\/a>, <a href=\"https:\/\/web4.karlsruhe.de\/Gemeinderat\/Gruene\/personen\/fraktionsmitglieder\/aljoscha-loeffler\/\">Aljoscha L\u00f6ffler<\/a>, <a href=\"https:\/\/web4.karlsruhe.de\/Gemeinderat\/Gruene\/personen\/fraktionsmitglieder\/dr-iris-sardarabady\/\">Dr. Iris Sardarabady<\/a><\/li>\n\n\n\n<li><strong>Bauausschuss:<\/strong> <a href=\"https:\/\/web4.karlsruhe.de\/Gemeinderat\/Gruene\/personen\/fraktionsmitglieder\/ceren-akbaba\/\">Ceren Akbaba<\/a>, <a href=\"https:\/\/web4.karlsruhe.de\/Gemeinderat\/Gruene\/personen\/fraktionsmitglieder\/dr-clemens-cremer\/\">Dr. Clemens Cremer<\/a>, <a href=\"https:\/\/web4.karlsruhe.de\/Gemeinderat\/Gruene\/personen\/fraktionsmitglieder\/ivo-dujmovic\/\">Ivo Dujmovi\u0107<\/a>, <a href=\"https:\/\/web4.karlsruhe.de\/Gemeinderat\/Gruene\/personen\/fraktionsmitglieder\/dr-sonja-klingert\/\">Dr. Sonja Klingert<\/a><\/li>\n\n\n\n<li><strong>Haupt- und Finanzausschuss:<\/strong> <a href=\"https:\/\/web4.karlsruhe.de\/Gemeinderat\/Gruene\/personen\/fraktionsmitglieder\/dr-clemens-cremer\/\">Dr. Clemens Cremer<\/a>, <a href=\"https:\/\/web4.karlsruhe.de\/Gemeinderat\/Gruene\/personen\/fraktionsmitglieder\/jorinda-fahringer\/\">Jorinda Fahringer<\/a>, <a href=\"https:\/\/web4.karlsruhe.de\/Gemeinderat\/Gruene\/personen\/fraktionsmitglieder\/aljoscha-loeffler\/\">Aljoscha L\u00f6ffler<\/a>, <a href=\"https:\/\/web4.karlsruhe.de\/Gemeinderat\/Gruene\/personen\/fraktionsmitglieder\/leonie-wolf\/\">Leonie Wolf<\/a><\/li>\n\n\n\n<li><strong>Integrationsausschuss:<\/strong> <a href=\"https:\/\/web4.karlsruhe.de\/Gemeinderat\/Gruene\/personen\/fraktionsmitglieder\/ceren-akbaba\/\">Ceren Akbaba<\/a>, <a href=\"https:\/\/web4.karlsruhe.de\/Gemeinderat\/Gruene\/personen\/fraktionsmitglieder\/dr-iris-sardarabady\/\">Dr. Iris Sardarabady<\/a>, <a href=\"https:\/\/web4.karlsruhe.de\/Gemeinderat\/Gruene\/personen\/fraktionsmitglieder\/dr-susanne-heynen\/\">Dr. Susanne Heynen<\/a><\/li>\n\n\n\n<li><strong>Jugendhilfeausschuss:<\/strong> <a href=\"https:\/\/web4.karlsruhe.de\/Gemeinderat\/Gruene\/personen\/fraktionsmitglieder\/verena-anlauf\/\">Verena Anlauf<\/a>, <a href=\"https:\/\/web4.karlsruhe.de\/Gemeinderat\/Gruene\/personen\/fraktionsmitglieder\/dr-iris-sardarabady\/\">Dr. Iris Sardarabady<\/a>, <a href=\"https:\/\/web4.karlsruhe.de\/Gemeinderat\/Gruene\/personen\/fraktionsmitglieder\/jorinda-fahringer\/\">Jorinda Fahringer<\/a><\/li>\n\n\n\n<li><strong>Kulturausschuss:<\/strong> <a href=\"https:\/\/web4.karlsruhe.de\/Gemeinderat\/Gruene\/personen\/fraktionsmitglieder\/ceren-akbaba\/\">Ceren Akbaba<\/a>, <a href=\"https:\/\/web4.karlsruhe.de\/Gemeinderat\/Gruene\/personen\/fraktionsmitglieder\/benjamin-bauer\/\"><a href=\"https:\/\/web4.karlsruhe.de\/Gemeinderat\/Gruene\/personen\/fraktionsmitglieder\/bernd-belschner\/\">Bernd Belschner<\/a><\/a>, <a href=\"https:\/\/web4.karlsruhe.de\/Gemeinderat\/Gruene\/personen\/nach-ausschuessen-aufsichtsraeten\/Jorinda%20Fahringer\">Jorinda Fahringer<\/a>, <a href=\"https:\/\/web4.karlsruhe.de\/Gemeinderat\/Gruene\/personen\/fraktionsmitglieder\/dr-susanne-heynen\/\">Dr. Susanne Heynen<\/a><\/li>\n\n\n\n<li><strong>Personalausschuss:<\/strong> <a href=\"https:\/\/web4.karlsruhe.de\/Gemeinderat\/Gruene\/personen\/fraktionsmitglieder\/dr-susanne-heynen\/\">Dr. Susanne Heynen<\/a>, <a href=\"https:\/\/web4.karlsruhe.de\/Gemeinderat\/Gruene\/personen\/fraktionsmitglieder\/aljoscha-loeffler\/\">Aljoscha L\u00f6ffler<\/a>, <a href=\"https:\/\/web4.karlsruhe.de\/Gemeinderat\/Gruene\/personen\/fraktionsmitglieder\/dr-iris-sardarabady\/\">Dr. Iris Sardarabady<\/a>, <a href=\"https:\/\/web4.karlsruhe.de\/Gemeinderat\/Gruene\/personen\/fraktionsmitglieder\/leonie-wolf\/\">Leonie Wolf<\/a><\/li>\n\n\n\n<li><strong>Planungsausschuss: <\/strong><a href=\"https:\/\/web4.karlsruhe.de\/Gemeinderat\/Gruene\/personen\/fraktionsmitglieder\/ceren-akbaba\/\">Ceren Akbaba<\/a>, <a href=\"https:\/\/web4.karlsruhe.de\/Gemeinderat\/Gruene\/personen\/fraktionsmitglieder\/dr-susanne-heynen\/\">Dr. Susanne Heynen<\/a>, <a href=\"https:\/\/web4.karlsruhe.de\/Gemeinderat\/Gruene\/personen\/fraktionsmitglieder\/christian-klinkhardt\/\">Christian Klinkhardt<\/a>, <a href=\"https:\/\/web4.karlsruhe.de\/Gemeinderat\/Gruene\/personen\/fraktionsmitglieder\/aljoscha-loeffler\/\">Aljoscha L\u00f6ffler<\/a><\/li>\n\n\n\n<li><strong>Schulausschuss:<\/strong> <a href=\"https:\/\/web4.karlsruhe.de\/Gemeinderat\/Gruene\/personen\/fraktionsmitglieder\/jorinda-fahringer\/\">Jorinda Fahringer<\/a>, <a href=\"https:\/\/web4.karlsruhe.de\/Gemeinderat\/Gruene\/personen\/fraktionsmitglieder\/dr-sonja-klingert\/\">Dr. Sonja Klingert<\/a>, <a href=\"https:\/\/web4.karlsruhe.de\/Gemeinderat\/Gruene\/personen\/fraktionsmitglieder\/dr-iris-sardarabady\/\">Dr. Iris Sardarabady<\/a>, <a href=\"https:\/\/web4.karlsruhe.de\/Gemeinderat\/Gruene\/personen\/fraktionsmitglieder\/bernd-belschner\/\">Bernd Belschner<\/a><\/li>\n\n\n\n<li><strong>Sozialausschuss:<\/strong> <a href=\"https:\/\/web4.karlsruhe.de\/Gemeinderat\/Gruene\/personen\/fraktionsmitglieder\/verena-anlauf\/\">Verena Anlauf<\/a>, <a href=\"https:\/\/web4.karlsruhe.de\/Gemeinderat\/Gruene\/personen\/fraktionsmitglieder\/benjamin-bauer\/\"><a href=\"https:\/\/web4.karlsruhe.de\/Gemeinderat\/Gruene\/personen\/fraktionsmitglieder\/bernd-belschner\/\">Bernd Belschner<\/a><\/a>, <a href=\"https:\/\/web4.karlsruhe.de\/Gemeinderat\/Gruene\/personen\/fraktionsmitglieder\/ivo-dujmovic\/\">Ivo Dujmovi\u0107<\/a>, <a href=\"https:\/\/web4.karlsruhe.de\/Gemeinderat\/Gruene\/personen\/fraktionsmitglieder\/dr-iris-sardarabady\/\">Dr. Iris Sardarabady<\/a><\/li>\n\n\n\n<li><strong>Sportausschuss:<\/strong> <a href=\"https:\/\/web4.karlsruhe.de\/Gemeinderat\/Gruene\/personen\/fraktionsmitglieder\/verena-anlauf\/\">Verena Anlauf<\/a>, <a href=\"https:\/\/web4.karlsruhe.de\/Gemeinderat\/Gruene\/personen\/fraktionsmitglieder\/aljoscha-loeffler\/\">Aljoscha L\u00f6ffler<\/a>, <a href=\"https:\/\/web4.karlsruhe.de\/Gemeinderat\/Gruene\/personen\/fraktionsmitglieder\/dr-iris-sardarabady\/\">Dr. Iris Sardarabady<\/a>, <a href=\"https:\/\/web4.karlsruhe.de\/Gemeinderat\/Gruene\/personen\/fraktionsmitglieder\/christian-klinkhardt\/\"><a href=\"https:\/\/web4.karlsruhe.de\/Gemeinderat\/Gruene\/personen\/fraktionsmitglieder\/bernd-belschner\/\">Bernd Belschner<\/a><\/a><\/li>\n\n\n\n<li><strong>\u00d6ffentliche Einrichtungen:<\/strong> <a href=\"https:\/\/web4.karlsruhe.de\/Gemeinderat\/Gruene\/personen\/fraktionsmitglieder\/ivo-dujmovic\/\">Ivo Dujmovi\u0107<\/a>, <a href=\"https:\/\/web4.karlsruhe.de\/Gemeinderat\/Gruene\/personen\/nach-ausschuessen-aufsichtsraeten\/Jorinda%20Fahringer\">Jorinda Fahringer<\/a>, <a href=\"https:\/\/web4.karlsruhe.de\/Gemeinderat\/Gruene\/personen\/fraktionsmitglieder\/dr-sonja-klingert\/\">Dr. Sonja Klingert<\/a>, <a href=\"https:\/\/web4.karlsruhe.de\/Gemeinderat\/Gruene\/personen\/fraktionsmitglieder\/christian-klinkhardt\/\">Christian Klinkhardt<\/a><\/li>\n\n\n\n<li><strong>Umlegungsausschuss:<\/strong> <a href=\"https:\/\/web4.karlsruhe.de\/Gemeinderat\/Gruene\/personen\/fraktionsmitglieder\/aljoscha-loeffler\/\">Aljoscha L\u00f6ffler<\/a>, <a href=\"https:\/\/web4.karlsruhe.de\/Gemeinderat\/Gruene\/personen\/fraktionsmitglieder\/ceren-akbaba\/\">Ceren Akbaba<\/a>, <a href=\"https:\/\/web4.karlsruhe.de\/Gemeinderat\/Gruene\/personen\/fraktionsmitglieder\/dr-susanne-heynen\/\">Dr. Susanne Heynen<\/a>,  <a href=\"https:\/\/web4.karlsruhe.de\/Gemeinderat\/Gruene\/personen\/fraktionsmitglieder\/christian-klinkhardt\/\">Christian Klinkhardt<\/a><\/li>\n\n\n\n<li><strong>Umwelt und Gesundheit:<\/strong> <a href=\"https:\/\/web4.karlsruhe.de\/Gemeinderat\/Gruene\/personen\/fraktionsmitglieder\/verena-anlauf\/\">Verena Anlauf<\/a>, <a href=\"https:\/\/web4.karlsruhe.de\/Gemeinderat\/Gruene\/personen\/fraktionsmitglieder\/dr-clemens-cremer\/\">Dr. Clemens Cremer<\/a>, <a href=\"https:\/\/web4.karlsruhe.de\/Gemeinderat\/Gruene\/personen\/fraktionsmitglieder\/ivo-dujmovic\/\">Ivo Dujmovi\u0107<\/a>; <a href=\"https:\/\/web4.karlsruhe.de\/Gemeinderat\/Gruene\/personen\/fraktionsmitglieder\/dr-sonja-klingert\/\">Dr. Sonja Klingert<\/a><\/li>\n\n\n\n<li><strong>Wirtschaft und Wissenschaft: <\/strong><a href=\"https:\/\/web4.karlsruhe.de\/Gemeinderat\/Gruene\/personen\/fraktionsmitglieder\/ceren-akbaba\/\">Ceren Akbaba<\/a>, <a href=\"https:\/\/web4.karlsruhe.de\/Gemeinderat\/Gruene\/personen\/fraktionsmitglieder\/dr-clemens-cremer\/\">Dr. Clemens Cremer<\/a>, <a href=\"https:\/\/web4.karlsruhe.de\/Gemeinderat\/Gruene\/personen\/fraktionsmitglieder\/leonie-wolf\/\">Leonie Wolf<\/a>, <a href=\"https:\/\/web4.karlsruhe.de\/Gemeinderat\/Gruene\/personen\/fraktionsmitglieder\/bernd-belschner\/\">Bernd Belschner<\/a><\/li>\n<\/ul>\n\n\n\n<h2 class=\"wp-block-heading\">St\u00e4dtische Aufsichtsr\u00e4te<\/h2>\n\n\n\n<ul class=\"wp-block-list\">\n<li><strong>Arbeitsf\u00f6rderung Karlsruhe:<\/strong> <a href=\"https:\/\/web4.karlsruhe.de\/Gemeinderat\/Gruene\/personen\/fraktionsmitglieder\/dr-iris-sardarabady\/\">Dr. Iris Sardarabady<\/a>, <a href=\"https:\/\/web4.karlsruhe.de\/Gemeinderat\/Gruene\/personen\/fraktionsmitglieder\/bernd-belschner\/\">Bernd Belschner<\/a><\/li>\n\n\n\n<li><strong>Albtalverkehrsgesellschaft:<\/strong> <a href=\"https:\/\/web4.karlsruhe.de\/Gemeinderat\/Gruene\/personen\/fraktionsmitglieder\/aljoscha-loeffler\/\">Aljoscha L\u00f6ffler<\/a><\/li>\n\n\n\n<li><strong>F\u00e4cherbad:<\/strong> <a href=\"https:\/\/web4.karlsruhe.de\/Gemeinderat\/Gruene\/personen\/fraktionsmitglieder\/verena-anlauf\/\">Verena Anlauf<\/a>, <a href=\"https:\/\/web4.karlsruhe.de\/Gemeinderat\/Gruene\/personen\/fraktionsmitglieder\/ivo-dujmovic\/\">Ivo Dujmovi\u0107<\/a>, <a href=\"https:\/\/web4.karlsruhe.de\/Gemeinderat\/Gruene\/personen\/fraktionsmitglieder\/jorinda-fahringer\/\"><a href=\"https:\/\/web4.karlsruhe.de\/Gemeinderat\/Gruene\/personen\/fraktionsmitglieder\/dr-iris-sardarabady\/\">Dr. Iris Sardarabady<\/a><\/a>, <a href=\"https:\/\/web4.karlsruhe.de\/Gemeinderat\/Gruene\/personen\/fraktionsmitglieder\/aljoscha-loeffler\/\">Aljoscha L\u00f6ffler<\/a><\/li>\n\n\n\n<li><strong>Karlsruher F\u00e4cher GmbH: <\/strong><a href=\"https:\/\/web4.karlsruhe.de\/Gemeinderat\/Gruene\/personen\/fraktionsmitglieder\/ceren-akbaba\/\">Ceren Akbaba<\/a>, <a href=\"https:\/\/web4.karlsruhe.de\/Gemeinderat\/Gruene\/personen\/fraktionsmitglieder\/leonie-wolf\/\">Leonie Wolf<\/a><\/li>\n\n\n\n<li><strong>Karlsruher Schieneninfrastruktur-Gesellschaft:<\/strong> <a href=\"https:\/\/web4.karlsruhe.de\/Gemeinderat\/Gruene\/personen\/fraktionsmitglieder\/dr-sonja-klingert\/\" data-type=\"page\" data-id=\"16869\">Dr. Sonja Klinger<\/a><a href=\"https:\/\/web4.karlsruhe.de\/Gemeinderat\/Gruene\/personen\/fraktionsmitglieder\/dr-sonja-klingert\/\">t<\/a>, <a href=\"https:\/\/web4.karlsruhe.de\/Gemeinderat\/Gruene\/personen\/fraktionsmitglieder\/christian-klinkhardt\/\">Christian Klinkhardt<\/a><\/li>\n\n\n\n<li><strong>Karlsruher B\u00e4dergesellschaft:<\/strong> <a href=\"https:\/\/web4.karlsruhe.de\/Gemeinderat\/Gruene\/personen\/fraktionsmitglieder\/verena-anlauf\/\">Verena Anlauf<\/a><a href=\"https:\/\/web4.karlsruhe.de\/Gemeinderat\/Gruene\/personen\/fraktionsmitglieder\/ivo-dujmovic\/\">, Ivo Dujmovi\u0107<\/a>, <a href=\"https:\/\/web4.karlsruhe.de\/Gemeinderat\/Gruene\/personen\/fraktionsmitglieder\/jorinda-fahringer\/\"><a href=\"https:\/\/web4.karlsruhe.de\/Gemeinderat\/Gruene\/personen\/fraktionsmitglieder\/dr-iris-sardarabady\/\">Dr. Iris Sardarabady<\/a><\/a>, <a href=\"https:\/\/web4.karlsruhe.de\/Gemeinderat\/Gruene\/personen\/fraktionsmitglieder\/aljoscha-loeffler\/\">Aljoscha L\u00f6ffler<\/a><\/li>\n\n\n\n<li><strong>Karlsruhe Marketing und Event GmbH:<\/strong> <a href=\"https:\/\/web4.karlsruhe.de\/Gemeinderat\/Gruene\/personen\/fraktionsmitglieder\/dr-susanne-heynen\/\">Dr. Susanne Heynen<\/a>, <a href=\"https:\/\/web4.karlsruhe.de\/Gemeinderat\/Gruene\/personen\/fraktionsmitglieder\/bernd-belschner\/\">Bernd Belschner<\/a><\/li>\n\n\n\n<li><strong>Karlsruher Messe und Kongress GmbH:<\/strong> <a href=\"https:\/\/web4.karlsruhe.de\/Gemeinderat\/Gruene\/personen\/fraktionsmitglieder\/jorinda-fahringer\/\">Jorinda Fahringer<\/a><\/li>\n\n\n\n<li><strong>Karlsruher Tourismus GmbH: <\/strong><a href=\"https:\/\/web4.karlsruhe.de\/Gemeinderat\/Gruene\/personen\/fraktionsmitglieder\/dr-susanne-heynen\/\">Dr. Susanne Heynen<\/a>, <a href=\"https:\/\/web4.karlsruhe.de\/Gemeinderat\/Gruene\/personen\/fraktionsmitglieder\/bernd-belschner\/\">Bernd Belschner<\/a><\/li>\n\n\n\n<li><strong>Karlsruher Verkehrsverbund:<\/strong> <a href=\"https:\/\/web4.karlsruhe.de\/Gemeinderat\/Gruene\/personen\/fraktionsmitglieder\/christian-klinkhardt\/\">Christian Klinkhardt<\/a><\/li>\n\n\n\n<li><strong>Karlsruher Versorgungs-, Verkehrs- und Hafen GmbH:<\/strong> <a href=\"https:\/\/web4.karlsruhe.de\/Gemeinderat\/Gruene\/personen\/fraktionsmitglieder\/ivo-dujmovic\/\">Ivo Dujmovi\u0107<\/a>, <a href=\"https:\/\/web4.karlsruhe.de\/Gemeinderat\/Gruene\/personen\/fraktionsmitglieder\/dr-sonja-klingert\/\">Dr. Sonja Klingert<\/a><\/li>\n\n\n\n<li><strong>Konversionsgesellschaft Karlsruhe<\/strong>: <a href=\"https:\/\/web4.karlsruhe.de\/Gemeinderat\/Gruene\/personen\/fraktionsmitglieder\/dr-clemens-cremer\/\">Dr. Clemens Cremer<\/a><\/li>\n\n\n\n<li><strong>Medizinisches Versorgungszentrum St\u00e4dtisches Klinikum Karlsruhe:<\/strong> <a href=\"https:\/\/web4.karlsruhe.de\/Gemeinderat\/Gruene\/personen\/fraktionsmitglieder\/verena-anlauf\/\">Verena Anlauf<\/a>, <a href=\"https:\/\/web4.karlsruhe.de\/Gemeinderat\/Gruene\/personen\/fraktionsmitglieder\/dr-iris-sardarabady\/\">Dr. Iris Sardarabady<\/a><\/li>\n\n\n\n<li><strong>St\u00e4dtisches Klinikum Karlsruhe:<\/strong> <a href=\"https:\/\/web4.karlsruhe.de\/Gemeinderat\/Gruene\/personen\/fraktionsmitglieder\/verena-anlauf\/\">Verena Anlauf<\/a>, <a href=\"https:\/\/web4.karlsruhe.de\/Gemeinderat\/Gruene\/personen\/fraktionsmitglieder\/dr-iris-sardarabady\/\">Dr. Iris Sardarabady<\/a><\/li>\n\n\n\n<li><strong>Stadtwerke Karlsruhe:<\/strong> <a href=\"https:\/\/web4.karlsruhe.de\/Gemeinderat\/Gruene\/personen\/fraktionsmitglieder\/dr-clemens-cremer\/\">Dr. Clemens Cremer<\/a>, <a href=\"https:\/\/web4.karlsruhe.de\/Gemeinderat\/Gruene\/personen\/fraktionsmitglieder\/dr-sonja-klingert\/\">Dr. Sonja Klingert<\/a><\/li>\n\n\n\n<li><strong>Verkehrsbetriebe Karlsruhe:<\/strong> <a href=\"https:\/\/web4.karlsruhe.de\/Gemeinderat\/Gruene\/personen\/fraktionsmitglieder\/aljoscha-loeffler\/\">Aljoscha L\u00f6ffler<\/a>, <a href=\"https:\/\/web4.karlsruhe.de\/Gemeinderat\/Gruene\/personen\/fraktionsmitglieder\/leonie-wolf\/\">Leonie Wolf<\/a><\/li>\n\n\n\n<li><strong>Volkswohnung Service GmbH:<\/strong> <a href=\"https:\/\/web4.karlsruhe.de\/Gemeinderat\/Gruene\/personen\/fraktionsmitglieder\/verena-anlauf\/\">Verena Anlauf<\/a>, <a href=\"https:\/\/web4.karlsruhe.de\/Gemeinderat\/Gruene\/personen\/fraktionsmitglieder\/dr-clemens-cremer\/\">Dr. Clemens Cremer<\/a><\/li>\n\n\n\n<li><strong>Volkswohnung Bautr\u00e4ger GmbH:<\/strong> <a href=\"https:\/\/web4.karlsruhe.de\/Gemeinderat\/Gruene\/personen\/fraktionsmitglieder\/verena-anlauf\/\">Verena Anlauf<\/a>, <a href=\"https:\/\/web4.karlsruhe.de\/Gemeinderat\/Gruene\/personen\/fraktionsmitglieder\/dr-clemens-cremer\/\">Dr. Clemens Cremer<\/a><\/li>\n<\/ul>\n\n\n\n<h2 class=\"wp-block-heading\">Weitere Gremien in denen wir vertreten sind finden Sie <a href=\"https:\/\/web4.karlsruhe.de\/Gemeinderat\/Gruene\/2024\/09\/weitere-gremien-in-denen-wir-vertreten-sind\/\" data-type=\"link\" data-id=\"https:\/\/web4.karlsruhe.de\/Gemeinderat\/Gruene\/2024\/09\/weitere-gremien-in-denen-wir-vertreten-sind\/\">hier<\/a>.<\/h2>\n","protected":false},"excerpt":{"rendered":"<p>Hier finden Sie, welches Fraktionsmitglied in den gemeinder\u00e4tlichen Aussch\u00fcssen und st\u00e4dtischen Aufsichtsr\u00e4ten die gr\u00fcnen Belange vertritt: Aussch\u00fcsse St\u00e4dtische Aufsichtsr\u00e4te Weitere Gremien in denen wir vertreten sind finden Sie hier.<\/p>\n","protected":false},"author":1,"featured_media":0,"parent":21,"menu_order":3,"comment_status":"closed","ping_status":"closed","template":"","meta":{"footnotes":"","_links_to":"","_links_to_target":""},"class_list":["post-78","page","type-page","status-publish","hentry"],"_links":{"self":[{"href":"https:\/\/web4.karlsruhe.de\/Gemeinderat\/Gruene\/wp-json\/wp\/v2\/pages\/78","targetHints":{"allow":["GET"]}}],"collection":[{"href":"https:\/\/web4.karlsruhe.de\/Gemeinderat\/Gruene\/wp-json\/wp\/v2\/pages"}],"about":[{"href":"https:\/\/web4.karlsruhe.de\/Gemeinderat\/Gruene\/wp-json\/wp\/v2\/types\/page"}],"author":[{"embeddable":true,"href":"https:\/\/web4.karlsruhe.de\/Gemeinderat\/Gruene\/wp-json\/wp\/v2\/users\/1"}],"replies":[{"embeddable":true,"href":"https:\/\/web4.karlsruhe.de\/Gemeinderat\/Gruene\/wp-json\/wp\/v2\/comments?post=78"}],"version-history":[{"count":135,"href":"https:\/\/web4.karlsruhe.de\/Gemeinderat\/Gruene\/wp-json\/wp\/v2\/pages\/78\/revisions"}],"predecessor-version":[{"id":19349,"href":"https:\/\/web4.karlsruhe.de\/Gemeinderat\/Gruene\/wp-json\/wp\/v2\/pages\/78\/revisions\/19349"}],"up":[{"embeddable":true,"href":"https:\/\/web4.karlsruhe.de\/Gemeinderat\/Gruene\/wp-json\/wp\/v2\/pages\/21"}],"wp:attachment":[{"href":"https:\/\/web4.karlsruhe.de\/Gemeinderat\/Gruene\/wp-json\/wp\/v2\/media?parent=78"}],"curies":[{"name":"wp","href":"https:\/\/api.w.org\/{rel}","templated":true}]}}