{"id":34,"date":"2020-04-17T17:34:23","date_gmt":"2020-04-17T15:34:23","guid":{"rendered":"http:\/\/localhost:8081\/?page_id=34"},"modified":"2020-07-05T20:00:47","modified_gmt":"2020-07-05T18:00:47","slug":"presse","status":"publish","type":"page","link":"https:\/\/web4.karlsruhe.de\/Gemeinderat\/Gruene\/service-kontakt\/presse\/","title":{"rendered":"Presse"},"content":{"rendered":"\n<p>Unsere aktuellen Pressemitteilungen finden Sie hier.<\/p>\n\n\n\n<p><strong>Anfragen\/Kontakt f\u00fcr Journalist*innen<\/strong><\/p>\n\n\n\n<p>Gerne stehen die Fraktionsmitglieder f\u00fcr Presseanfragen zur Verf\u00fcgung. Die Vermittlung erfolgt \u00fcber das Fraktionsb\u00fcro:<\/p>\n\n\n\n<p>Telefon: 07 21 \u2013 2 91 55<\/p>\n\n\n\n<p>E-mail:&nbsp;<a href=\"#\" data-unscramble=\"ed.ehurslrak.noitkarf@eneurg\">gruene(at)fraktion.karlsruhe(dot)de<\/a><\/p>\n\n\n\n<p>Fraktionsmitarbeiterinnen:<br>Karin Wolff, Gabi Schiller, Julia Klausmann und Ulrike Smetsers<\/p>\n\n\n\n<p><\/p>\n\n\n\n<p><strong>Pressefotos<\/strong><\/p>\n\n\n\n<p>Gerne senden wir Ihnen passende Pressefotos der Fraktionsmitglieder zu. Auch dazu bitte um Kontaktaufnahme mit dem Fraktionsb\u00fcro.<\/p>\n\n\n\n<p><strong>Presseverteiler<\/strong><\/p>\n\n\n\n<p>Sie m\u00f6chten keine Meldung verpassen? Dann senden Sie uns eine kurze <a href=\"#\" data-unscramble=\"relietrevesserP emhanfuA=tcejbus?ed.ehurslrak.noitkarf@eneurg\">E-Mail <\/a>und wir nehmen Sie gern in unseren Presseverteiler auf.<\/p>\n","protected":false},"excerpt":{"rendered":"<p>Unsere aktuellen Pressemitteilungen finden Sie hier. Anfragen\/Kontakt f\u00fcr Journalist*innen Gerne stehen die Fraktionsmitglieder f\u00fcr Presseanfragen zur Verf\u00fcgung. Die Vermittlung erfolgt \u00fcber das Fraktionsb\u00fcro: Telefon: 07 21 \u2013 2 91 55 [&hellip;]<\/p>\n","protected":false},"author":1,"featured_media":0,"parent":24,"menu_order":0,"comment_status":"closed","ping_status":"closed","template":"","meta":{"footnotes":"","_links_to":"","_links_to_target":""},"class_list":["post-34","page","type-page","status-publish","hentry"],"_links":{"self":[{"href":"https:\/\/web4.karlsruhe.de\/Gemeinderat\/Gruene\/wp-json\/wp\/v2\/pages\/34","targetHints":{"allow":["GET"]}}],"collection":[{"href":"https:\/\/web4.karlsruhe.de\/Gemeinderat\/Gruene\/wp-json\/wp\/v2\/pages"}],"about":[{"href":"https:\/\/web4.karlsruhe.de\/Gemeinderat\/Gruene\/wp-json\/wp\/v2\/types\/page"}],"author":[{"embeddable":true,"href":"https:\/\/web4.karlsruhe.de\/Gemeinderat\/Gruene\/wp-json\/wp\/v2\/users\/1"}],"replies":[{"embeddable":true,"href":"https:\/\/web4.karlsruhe.de\/Gemeinderat\/Gruene\/wp-json\/wp\/v2\/comments?post=34"}],"version-history":[{"count":5,"href":"https:\/\/web4.karlsruhe.de\/Gemeinderat\/Gruene\/wp-json\/wp\/v2\/pages\/34\/revisions"}],"predecessor-version":[{"id":8742,"href":"https:\/\/web4.karlsruhe.de\/Gemeinderat\/Gruene\/wp-json\/wp\/v2\/pages\/34\/revisions\/8742"}],"up":[{"embeddable":true,"href":"https:\/\/web4.karlsruhe.de\/Gemeinderat\/Gruene\/wp-json\/wp\/v2\/pages\/24"}],"wp:attachment":[{"href":"https:\/\/web4.karlsruhe.de\/Gemeinderat\/Gruene\/wp-json\/wp\/v2\/media?parent=34"}],"curies":[{"name":"wp","href":"https:\/\/api.w.org\/{rel}","templated":true}]}}