{"id":32,"date":"2020-04-17T17:34:04","date_gmt":"2020-04-17T15:34:04","guid":{"rendered":"http:\/\/localhost:8081\/?page_id=32"},"modified":"2020-07-03T17:19:12","modified_gmt":"2020-07-03T15:19:12","slug":"newsletter","status":"publish","type":"page","link":"https:\/\/web4.karlsruhe.de\/Gemeinderat\/Gruene\/service-kontakt\/newsletter\/","title":{"rendered":"Newsletter"},"content":{"rendered":"\n<p>Wir berichten \u00fcber unsere aktuellen Aktivit\u00e4ten im Newsletter der GR\u00dcNEN Karlsruhe. <br>Diesen abonnieren Sie einfach direkt \u00fcber die <a href=\"https:\/\/gruenekarlsruhe.de\/newsletter\/\">Website des Kreisverbandes. <\/a><\/p>\n\n\n\n<p>Wenn Sie in den Presseverteiler der GR\u00dcNEN Gemeinderatsfraktion Karlsruhe aufgenommen werden m\u00f6chten, senden Sie gerne eine <a href=\"#\" data-unscramble=\"relietrevesserP emhanfuA=tcejbus?ed.ehurslrak.noitkarf@eneurg\">E-Mail an die Gesch\u00e4ftsstelle<\/a>. <\/p>\n","protected":false},"excerpt":{"rendered":"<p>Wir berichten \u00fcber unsere aktuellen Aktivit\u00e4ten im Newsletter der GR\u00dcNEN Karlsruhe. Diesen abonnieren Sie einfach direkt \u00fcber die Website des Kreisverbandes. Wenn Sie in den Presseverteiler der GR\u00dcNEN Gemeinderatsfraktion Karlsruhe [&hellip;]<\/p>\n","protected":false},"author":1,"featured_media":0,"parent":24,"menu_order":0,"comment_status":"closed","ping_status":"closed","template":"","meta":{"footnotes":"","_links_to":"","_links_to_target":""},"class_list":["post-32","page","type-page","status-publish","hentry"],"_links":{"self":[{"href":"https:\/\/web4.karlsruhe.de\/Gemeinderat\/Gruene\/wp-json\/wp\/v2\/pages\/32","targetHints":{"allow":["GET"]}}],"collection":[{"href":"https:\/\/web4.karlsruhe.de\/Gemeinderat\/Gruene\/wp-json\/wp\/v2\/pages"}],"about":[{"href":"https:\/\/web4.karlsruhe.de\/Gemeinderat\/Gruene\/wp-json\/wp\/v2\/types\/page"}],"author":[{"embeddable":true,"href":"https:\/\/web4.karlsruhe.de\/Gemeinderat\/Gruene\/wp-json\/wp\/v2\/users\/1"}],"replies":[{"embeddable":true,"href":"https:\/\/web4.karlsruhe.de\/Gemeinderat\/Gruene\/wp-json\/wp\/v2\/comments?post=32"}],"version-history":[{"count":4,"href":"https:\/\/web4.karlsruhe.de\/Gemeinderat\/Gruene\/wp-json\/wp\/v2\/pages\/32\/revisions"}],"predecessor-version":[{"id":8690,"href":"https:\/\/web4.karlsruhe.de\/Gemeinderat\/Gruene\/wp-json\/wp\/v2\/pages\/32\/revisions\/8690"}],"up":[{"embeddable":true,"href":"https:\/\/web4.karlsruhe.de\/Gemeinderat\/Gruene\/wp-json\/wp\/v2\/pages\/24"}],"wp:attachment":[{"href":"https:\/\/web4.karlsruhe.de\/Gemeinderat\/Gruene\/wp-json\/wp\/v2\/media?parent=32"}],"curies":[{"name":"wp","href":"https:\/\/api.w.org\/{rel}","templated":true}]}}