{"id":3,"date":"2020-04-17T14:57:14","date_gmt":"2020-04-17T12:57:14","guid":{"rendered":"http:\/\/localhost:8081\/?page_id=3"},"modified":"2025-10-08T10:15:42","modified_gmt":"2025-10-08T08:15:42","slug":"datenschutzerklaerung","status":"publish","type":"page","link":"https:\/\/web4.karlsruhe.de\/Gemeinderat\/Gruene\/datenschutzerklaerung\/","title":{"rendered":"Datenschutzerkl\u00e4rung"},"content":{"rendered":"\n<p>Der Schutz Ihrer pers\u00f6nlichen Daten ist uns ein besonderes Anliegen. Wir verarbeiten Ihre Daten daher ausschlie\u00dflich auf Grundlage der gesetzlichen Bestimmungen. In diesen Datenschutzinformationen informieren wir Sie \u00fcber die wichtigsten Aspekte der Datenverarbeitung im Rahmen unserer Website.<\/p>\n\n\n\n<h2 class=\"wp-block-heading\">1. Verantwortliche Stelle<\/h2>\n\n\n\n<p>Verantwortlich f\u00fcr die Verarbeitung Ihrer personenbezogenen Daten auf dieser Website im Sinne der Datenschutzverordnung (DSGVO) ist:<\/p>\n\n\n\n<p><strong>B\u00fcndnis 90\/Die GR\u00dcNEN<\/strong><br><strong>Gemeinderatsfraktion<\/strong><br>Gesch\u00e4ftsstelle B\u00fcrger*innenb\u00fcro<br>Hebelstr. 21<br>76133 Karlsruhe<br>Telefon: 0721 &#8211; 133 1093<br>E-Mail: <a href=\"#\" data-unscramble=\"ed.ehurslrak.noitkarf@eneurg\">&#x67;&#114;u&#x65;&#x6e;&#101;&#64;&#x66;&#x72;&#97;k&#x74;&#105;o&#x6e;&#x2e;&#107;a&#x72;&#x6c;&#115;r&#x75;&#104;&#101;&#x2e;&#x64;&#101;<\/a> &nbsp;<\/p>\n\n\n\n<h2 class=\"wp-block-heading\">2. Erhebung und Speicherung personenbezogener Daten<\/h2>\n\n\n\n<p>Wir verarbeiten personenbezogene Daten nur, soweit dies f\u00fcr die Bereitstellung einer funktionsf\u00e4higen Website sowie unserer Inhalte und Leistungen erforderlich ist.<br>Dazu geh\u00f6ren insbesondere:<br>\u2022 IP-Adresse (gek\u00fcrzt\/anonymisiert, sofern m\u00f6glich)<br>\u2022 Datum und Uhrzeit des Zugriffs<br>\u2022 Browsertyp und -version<br>\u2022 verwendetes Betriebssystem<br>\u2022 Referrer-URL<\/p>\n\n\n\n<p>Die Verarbeitung erfolgt auf Grundlage von Art. 6 I f DSGVO (berechtigtes Interesse an der sicheren und stabilen Bereitstellung der Website).<\/p>\n\n\n\n<h2 class=\"wp-block-heading\">3. Speicherdauer <\/h2>\n\n\n\n<p>Wir halten uns an die Grunds\u00e4tze der Datenvermeidung und Datensparsamkeit. Wir speichern personenbezogene Daten nur so lange, wie dies zur Erreichung der genannten Zwecke erforderlich ist oder wie es gesetzlich vorgeschrieben ist. Nach Fortfall des jeweiligen Zweckes bzw. Ablauf dieser Fristen werden die entsprechenden Daten routinem\u00e4\u00dfig und entsprechend den gesetzlichen Vorschriften gesperrt oder gel\u00f6scht.<\/p>\n\n\n\n<h2 class=\"wp-block-heading\">4. Weitergabe von Daten<\/h2>\n\n\n\n<p>Wir verarbeiten Ihre personenbezogenen Daten nur zu den in dieser Datenschutzerkl\u00e4rung genannten Zwecken. Eine \u00dcbermittlung Ihrer pers\u00f6nlichen Daten an Dritte zu anderen als den genannten Zwecken findet nicht statt. Wir geben Ihre pers\u00f6nlichen Daten nur an Dritte weiter, wenn:<\/p>\n\n\n\n<ul class=\"wp-block-list\">\n<li>Sie Ihre <strong>ausdr\u00fcckliche Einwilligung<\/strong> dazu erteilt haben,<\/li>\n\n\n\n<li>die Verarbeitung zur Abwicklung eines Vertrags mit Ihnen erforderlich ist,<\/li>\n\n\n\n<li>die Verarbeitung zur Erf\u00fcllung einer rechtlichen Verpflichtung erforderlich ist,<\/li>\n\n\n\n<li>die Verarbeitung zur Wahrung berechtigter Interessen erforderlich ist und kein Grund zur Annahme besteht, dass Sie ein \u00fcberwiegendes schutzw\u00fcrdiges Interesse an der Nichtweitergabe Ihrer Daten haben.<\/li>\n<\/ul>\n\n\n\n<h2 class=\"wp-block-heading\">5. Cookies<\/h2>\n\n\n\n<p>Unsere Website verwendet technisch notwendige Cookies. Cookies sind kleine Textdateien, die auf Ihrem Endger\u00e4t gespeichert werden. Diese sind f\u00fcr den Betrieb der Website erforderlich (Rechtsgrundlage: Art. 6 I f DSGVO).<\/p>\n\n\n\n<h2 class=\"wp-block-heading\">6. Ihre Rechte als betroffene Person<\/h2>\n\n\n\n<p>Unter den angegebenen Kontaktdaten k\u00f6nnen Sie jederzeit folgende Rechte aus\u00fcben: (Art. 15\u201321 DSGVO):<\/p>\n\n\n\n<ul class=\"wp-block-list\">\n<li><strong>Auskunft<\/strong> \u00fcber die gespeicherten Daten,<\/li>\n\n\n\n<li><strong>Berichtigung<\/strong> unrichtiger Daten,<\/li>\n\n\n\n<li><strong>L\u00f6schung<\/strong> Ihrer Daten (\u201eRecht auf Vergessenwerden\u201c),<\/li>\n\n\n\n<li><strong>Einschr\u00e4nkung der Verarbeitung<\/strong>,<\/li>\n\n\n\n<li><strong>Daten\u00fcbertragbarkeit<\/strong>,<\/li>\n\n\n\n<li><strong>Widerspruch<\/strong> gegen die Verarbeitung,<\/li>\n\n\n\n<li><strong>Widerruf<\/strong> erteilter Einwilligungen (mit Wirkung f\u00fcr die Zukunft).<\/li>\n<\/ul>\n\n\n\n<p>Sofern Sie uns eine Einwilligung erteilt haben, k\u00f6nnen Sie diese jederzeit mit Wirkung f\u00fcr die Zukunft widerrufen. Sie k\u00f6nnen sich jederzeit mit einer Beschwerde an die f\u00fcr Sie zust\u00e4ndige Aufsichtsbeh\u00f6rde wenden.<\/p>\n\n\n\n<h2 class=\"wp-block-heading\">7. Beschwerderecht bei der Aufsichtsbeh\u00f6rde<\/h2>\n\n\n\n<p>Sie haben das Recht, sich bei der zust\u00e4ndigen Datenschutzaufsichtsbeh\u00f6rde zu beschweren:<br><strong>Der Landesbeauftragte f\u00fcr den Datenschutz und die Informationsfreiheit Baden-W\u00fcrttemberg (LfDI BW)<\/strong><br>Lautenschlagerstra\u00dfe 20<br>70173 Stuttgart<br>Telefon: 0711 61 55 41-0<br>E-Mail: <a href=\"#\" data-unscramble=\"ed.lwb.idfl@elletstsop\">&#112;&#x6f;&#115;&#x74;&#115;&#x74;e&#x6c;l&#x65;&#64;&#108;&#x66;&#100;&#x69;&#46;&#x62;&#119;&#x6c;&#46;&#x64;e<\/a><\/p>\n\n\n\n<h2 class=\"wp-block-heading\">8. Sicherheit der Daten\u00fcbertragung<\/h2>\n\n\n\n<p>Um die Sicherheit Ihrer Daten bei der \u00dcbertragung zu sch\u00fctzen, verwenden wir dem aktuellen Stand der Technik entsprechende Verschl\u00fcsselungsverfahren (z. B. SSL) \u00fcber HTTPS.<\/p>\n\n\n\n<h2 class=\"wp-block-heading\">9. Externe Links <\/h2>\n\n\n\n<p>Unsere Website enth\u00e4lt Links zu externen Webseiten. F\u00fcr deren Inhalte \u00fcbernehmen wir keine Verantwortung. F\u00fcr die Inhalte der verlinkten Seiten ist stets der jeweilige Anbieter oder Betreiber der Seiten verantwortlich. Eine permanente inhaltliche Kontrolle der verlinkten Seiten ist jedoch ohne konkrete Anhaltspunkte einer Rechtsverletzung nicht zumutbar. Zum Zeitpunkt der Verlinkung wurden keine Rechtsverst\u00f6\u00dfe erkannt. Bei Bekanntwerden von Rechtsverletzungen entfernen wir entsprechende Links unverz\u00fcglich<\/p>\n\n\n\n<h2 class=\"wp-block-heading\">10. \u00c4nderung dieser Datenschutzerkl\u00e4rung<\/h2>\n\n\n\n<p>Wir behalten uns vor, diese Datenschutzerkl\u00e4rung k\u00fcnftig anzupassen, damit sie stets den aktuellen rechtlichen Anforderungen entspricht oder um \u00c4nderungen in unseren Leistungen umzusetzen. F\u00fcr Ihren erneuten Besuch gilt die jeweils aktuelle Version.<\/p>\n\n\n\n<h2 class=\"wp-block-heading\">Fragen zum Datenschutz<\/h2>\n\n\n\n<p>Wenn Sie Fragen zum Datenschutz haben, schreiben Sie uns bitte eine E-Mail oder wenden Sie sich direkt an:<br><br><strong>B\u00fcndnis 90\/Die GR\u00dcNEN<\/strong><br><strong>Gemeinderatsfraktion<\/strong><br>Gesch\u00e4ftsstelle B\u00fcrger*nnenb\u00fcro<br>Hebelstr. 21<br>76133 Karlsruhe<br>Telefon: 0721 &#8211; 133-1093<br>E-mail: <a href=\"#\" data-unscramble=\"ed.ehurslrak.noitkarf@eneurg\">&#103;&#x72;&#x75;&#101;&#x6e;&#x65;&#64;&#x66;&#x72;a&#107;&#x74;i&#111;&#x6e;&#46;&#107;&#x61;r&#108;&#x73;r&#117;&#x68;&#x65;&#46;&#x64;&#x65;<\/a><\/p>\n\n\n\n<p>Die Datenschutzerkl\u00e4rung wurde mit dem <a rel=\"noreferrer noopener\" href=\"https:\/\/www.activemind.de\/datenschutz\/generatoren\/datenschutzerklaerung\/\" target=\"_blank\">Datenschutzerkl\u00e4rungs-Generator der activeMind AG<\/a> erstellt und manuell \u00fcberarbeitet.<\/p>\n\n\n\n<p>Stand: 08.10. 2025<\/p>\n","protected":false},"excerpt":{"rendered":"<p>Der Schutz Ihrer pers\u00f6nlichen Daten ist uns ein besonderes Anliegen. Wir verarbeiten Ihre Daten daher ausschlie\u00dflich auf Grundlage der gesetzlichen Bestimmungen. In diesen Datenschutzinformationen informieren wir Sie \u00fcber die wichtigsten [&hellip;]<\/p>\n","protected":false},"author":1,"featured_media":0,"parent":0,"menu_order":0,"comment_status":"closed","ping_status":"open","template":"","meta":{"footnotes":"","_links_to":"","_links_to_target":""},"class_list":["post-3","page","type-page","status-publish","hentry"],"_links":{"self":[{"href":"https:\/\/web4.karlsruhe.de\/Gemeinderat\/Gruene\/wp-json\/wp\/v2\/pages\/3","targetHints":{"allow":["GET"]}}],"collection":[{"href":"https:\/\/web4.karlsruhe.de\/Gemeinderat\/Gruene\/wp-json\/wp\/v2\/pages"}],"about":[{"href":"https:\/\/web4.karlsruhe.de\/Gemeinderat\/Gruene\/wp-json\/wp\/v2\/types\/page"}],"author":[{"embeddable":true,"href":"https:\/\/web4.karlsruhe.de\/Gemeinderat\/Gruene\/wp-json\/wp\/v2\/users\/1"}],"replies":[{"embeddable":true,"href":"https:\/\/web4.karlsruhe.de\/Gemeinderat\/Gruene\/wp-json\/wp\/v2\/comments?post=3"}],"version-history":[{"count":7,"href":"https:\/\/web4.karlsruhe.de\/Gemeinderat\/Gruene\/wp-json\/wp\/v2\/pages\/3\/revisions"}],"predecessor-version":[{"id":18503,"href":"https:\/\/web4.karlsruhe.de\/Gemeinderat\/Gruene\/wp-json\/wp\/v2\/pages\/3\/revisions\/18503"}],"wp:attachment":[{"href":"https:\/\/web4.karlsruhe.de\/Gemeinderat\/Gruene\/wp-json\/wp\/v2\/media?parent=3"}],"curies":[{"name":"wp","href":"https:\/\/api.w.org\/{rel}","templated":true}]}}