{"id":2,"date":"2020-04-20T09:00:00","date_gmt":"2020-04-20T07:00:00","guid":{"rendered":"http:\/\/localhost:8081\/?page_id=2"},"modified":"2026-05-05T15:38:50","modified_gmt":"2026-05-05T13:38:50","slug":"homepage","status":"publish","type":"page","link":"https:\/\/web4.karlsruhe.de\/Gemeinderat\/Gruene\/","title":{"rendered":"Homepage"},"content":{"rendered":"\n<div class=\"wp-block-cover alignfull is-light\" style=\"min-height:100vh;aspect-ratio:unset;\"><img loading=\"lazy\" decoding=\"async\" width=\"800\" height=\"533\" class=\"wp-block-cover__image-background wp-image-19447 size-large\" alt=\"\" src=\"https:\/\/web4.karlsruhe.de\/Gemeinderat\/Gruene\/wp-content\/uploads\/2026\/05\/Gruppenbild_2026.-3-800x533.jpg\" data-object-fit=\"cover\" srcset=\"https:\/\/web4.karlsruhe.de\/Gemeinderat\/Gruene\/wp-content\/uploads\/2026\/05\/Gruppenbild_2026.-3-800x533.jpg 800w, https:\/\/web4.karlsruhe.de\/Gemeinderat\/Gruene\/wp-content\/uploads\/2026\/05\/Gruppenbild_2026.-3-400x267.jpg 400w, https:\/\/web4.karlsruhe.de\/Gemeinderat\/Gruene\/wp-content\/uploads\/2026\/05\/Gruppenbild_2026.-3-768x512.jpg 768w, https:\/\/web4.karlsruhe.de\/Gemeinderat\/Gruene\/wp-content\/uploads\/2026\/05\/Gruppenbild_2026.-3-1536x1024.jpg 1536w, https:\/\/web4.karlsruhe.de\/Gemeinderat\/Gruene\/wp-content\/uploads\/2026\/05\/Gruppenbild_2026.-3-2048x1365.jpg 2048w\" sizes=\"auto, (max-width: 800px) 100vw, 800px\" \/><span aria-hidden=\"true\" class=\"wp-block-cover__background has-background-dim-0 has-background-dim\" style=\"background-color:#6b5656\"><\/span><div class=\"wp-block-cover__inner-container is-layout-constrained wp-block-cover-is-layout-constrained\">\n<h1 class=\"wp-block-heading has-text-align-center no-link has-white-color has-text-color has-link-color wp-elements-3d0bc73b99039cf04f3c955472adc031\"><a href=\"#first-content\" data-type=\"internal\" data-id=\"#first-content\">Gr\u00fcne Fraktion Karlsruhe<\/a><\/h1>\n\n\n\n<p class=\"has-text-align-center has-white-color has-text-color has-link-color wp-elements-368da50a4df7d2a2aa9cda1bd59edb8c\">B\u00dcNDNIS 90\/DIE GR\u00dcNEN im Karlsruher Gemeinderat<\/p>\n<\/div><\/div>\n\n\n\n<div style=\"height:6rem\" aria-hidden=\"true\" id=\"first-content\" class=\"wp-block-spacer\"><\/div>\n\n\n<div class=\"has-background latest-posts wp-block-sunflower-latest-posts\">\n        <div class=\"wp-block-group__inner-container\">\n            \n                <div class=\"row\" data-masonry='{\"percentPosition\": true }'><div class=\"col-md-6\">\n<article id=\"post-17350\" class=\"bg-white mb-4 has-shadow post-17350 post type-post status-publish format-standard has-post-thumbnail hentry category-pressemeldungen tag-buergerinnenbeteiligung\">\n\t<div class=\"\">\n\t\t\t\t\t<div class=\"\">\n\t\t\t\t<a href=\"https:\/\/web4.karlsruhe.de\/Gemeinderat\/Gruene\/2026\/05\/telefonsprechstunde-fuer-buergerinnen-mittwoch-15-01-25-1700-1800-uhr\/\" aria-label=\"Post Thumbnail\" rel=\"bookmark\">\n\t\t\t\t\t\t\t\t<img loading=\"lazy\" decoding=\"async\" width=\"768\" height=\"512\" src=\"https:\/\/web4.karlsruhe.de\/Gemeinderat\/Gruene\/wp-content\/uploads\/2023\/09\/shutterstock_1177902208-768x512.jpg\" class=\"post-thumbnail wp-post-image\" alt=\"Telefonsprechstunde f\u00fcr B\u00fcrger*innen, Montag, 18.05.26, 12:00 &#8211; 13:00 Uhr\" \/>\n\n\t\t\t\t\t\t\t<\/a>\n\t\t\t<\/div>\n\t\t\t\t\t<div class=\"p-45\">\n\t\t\t<header class=\"entry-header mb-2\">\n\t\t\t\t\t\t\t\t<h2 class=\"card-title h4 mb-3\"><a href=\"https:\/\/web4.karlsruhe.de\/Gemeinderat\/Gruene\/2026\/05\/telefonsprechstunde-fuer-buergerinnen-mittwoch-15-01-25-1700-1800-uhr\/\" rel=\"bookmark\">Telefonsprechstunde f\u00fcr B\u00fcrger*innen, Montag, 18.05.26, 12:00 &#8211; 13:00 Uhr<\/a><\/h2>\t\t\t\t\t<div class=\"entry-meta mb-3\">\n\t\t\t\t\t\t<span class=\"posted-on\"><time class=\"entry-date published\" datetime=\"2026-05-12T12:00:00+02:00\">12. Mai 2026<\/time><time class=\"updated\" datetime=\"2026-03-17T12:45:42+01:00\">17. M\u00e4rz 2026<\/time><\/span>\t\t\t\t\t<\/div><!-- .entry-meta -->\n\t\t\t\t\t\t\t\t<\/header><!-- .entry-header -->\n\n\t\t\t<div class=\"entry-content\">\n\t\t\t\t<a href=\"https:\/\/web4.karlsruhe.de\/Gemeinderat\/Gruene\/2026\/05\/telefonsprechstunde-fuer-buergerinnen-mittwoch-15-01-25-1700-1800-uhr\/\" rel=\"bookmark\">\n\t\t\t\t<p>Die Vorsitzende der gr\u00fcnen Gemeinderatsfraktion Jorinda Fahringer steht am kommenden Montag, 18. Mai 2026 von 12:00 bis 13:00 Uhr allen Karlsruher B\u00fcrger*innen f\u00fcr einen pers\u00f6nlichen Austausch unter der Telefonnummer 07 [&hellip;]<\/p>\n\t\t\t\t<\/a>\n\t\t\t<\/div><!-- .entry-content -->\n\n\t\t\t<footer class=\"entry-footer\">\n\t\t\t\t\t\t\t<div class=\"d-flex mt-2 mb-2\">\n\t\t\t\t\t\t\t\t<div>\n\t\t<span class=\"cat-links small\"><a href=\"https:\/\/web4.karlsruhe.de\/Gemeinderat\/Gruene\/kategorie\/aktuelles\/pressemeldungen\/\" rel=\"category tag\">Pressemeldungen<\/a><\/span><br><span class=\"tags-links small\"><a href=\"https:\/\/web4.karlsruhe.de\/Gemeinderat\/Gruene\/thema\/buergerinnenbeteiligung\/\" rel=\"tag\">B\u00fcrger*innenbeteiligung<\/a><\/span>\n\t\t\t\t<\/div>\n\t\t\t<\/div>\n\t\t\n\t\t\t\t<div class=\"d-flex flex-row-reverse\">\n\t\t\t\t\t<a href=\"https:\/\/web4.karlsruhe.de\/Gemeinderat\/Gruene\/2026\/05\/telefonsprechstunde-fuer-buergerinnen-mittwoch-15-01-25-1700-1800-uhr\/\" rel=\"bookmark\" class=\"continue-reading\">\n\t\t\t\t\tweiterlesen\t\t\t\t<\/a>\n\t\t\t\t<\/div>\n\t\t\t<\/footer><!-- .entry-footer -->\n\t\t<\/div>\n\t<\/div>\n<\/article><!-- #post-17350 -->\n<\/div><div class=\"col-md-6\">\n<article id=\"post-19462\" class=\"bg-white mb-4 has-shadow post-19462 post type-post status-publish format-standard has-post-thumbnail hentry category-aktuelles\">\n\t<div class=\"\">\n\t\t\t\t\t<div class=\"\">\n\t\t\t\t<a href=\"https:\/\/web4.karlsruhe.de\/Gemeinderat\/Gruene\/2026\/05\/19462\/\" aria-label=\"Post Thumbnail\" rel=\"bookmark\">\n\t\t\t\t\t\t\t\t<img loading=\"lazy\" decoding=\"async\" width=\"768\" height=\"614\" src=\"https:\/\/web4.karlsruhe.de\/Gemeinderat\/Gruene\/wp-content\/uploads\/2026\/05\/Traueranzeige-Christa-C-768x614.png\" class=\"post-thumbnail wp-post-image\" alt=\"\" \/>\n\n\t\t\t\t\t\t\t<\/a>\n\t\t\t<\/div>\n\t\t\t\t\t<div class=\"p-45\">\n\t\t\t<header class=\"entry-header mb-2\">\n\t\t\t\t\t\t\t\t\t\t\t\t\t<div class=\"entry-meta mb-3\">\n\t\t\t\t\t\t<span class=\"posted-on\"><time class=\"entry-date published\" datetime=\"2026-05-05T15:12:06+02:00\">5. Mai 2026<\/time><time class=\"updated\" datetime=\"2026-05-05T15:12:38+02:00\">5. Mai 2026<\/time><\/span>\t\t\t\t\t<\/div><!-- .entry-meta -->\n\t\t\t\t\t\t\t\t<\/header><!-- .entry-header -->\n\n\t\t\t<div class=\"entry-content\">\n\t\t\t\t<a href=\"https:\/\/web4.karlsruhe.de\/Gemeinderat\/Gruene\/2026\/05\/19462\/\" rel=\"bookmark\">\n\t\t\t\t<p>Die Karlsruher GR\u00dcNEN verabschieden sich von Christa Caspari, die am 23. April 2026 verstorben ist. Christa war von Sommer 1994 bis zum Sp\u00e4tsommer 2003 Mitglied der gr\u00fcnen Fraktion; ab 2000 [&hellip;]<\/p>\n\t\t\t\t<\/a>\n\t\t\t<\/div><!-- .entry-content -->\n\n\t\t\t<footer class=\"entry-footer\">\n\t\t\t\t\t\t\t<div class=\"d-flex mt-2 mb-2\">\n\t\t\t\t\t\t\t\t<div>\n\t\t<span class=\"cat-links small\"><a href=\"https:\/\/web4.karlsruhe.de\/Gemeinderat\/Gruene\/kategorie\/aktuelles\/\" rel=\"category tag\">Aktuelles<\/a><\/span>\n\t\t\t\t<\/div>\n\t\t\t<\/div>\n\t\t\n\t\t\t\t<div class=\"d-flex flex-row-reverse\">\n\t\t\t\t\t<a href=\"https:\/\/web4.karlsruhe.de\/Gemeinderat\/Gruene\/2026\/05\/19462\/\" rel=\"bookmark\" class=\"continue-reading\">\n\t\t\t\t\tweiterlesen\t\t\t\t<\/a>\n\t\t\t\t<\/div>\n\t\t\t<\/footer><!-- .entry-footer -->\n\t\t<\/div>\n\t<\/div>\n<\/article><!-- #post-19462 -->\n<\/div><div class=\"col-md-6\">\n<article id=\"post-19484\" class=\"bg-white mb-4 has-shadow post-19484 post type-post status-publish format-standard has-post-thumbnail hentry category-pressemeldungen tag-klimaanpassung-und-stadtgruen tag-mobilitaet tag-stadtentwicklung\">\n\t<div class=\"\">\n\t\t\t\t\t<div class=\"\">\n\t\t\t\t<a href=\"https:\/\/web4.karlsruhe.de\/Gemeinderat\/Gruene\/2026\/05\/gruene-fragen-nach-staedtebaulicher-und-sozialer-aufwertung-der-amalienstrasse\/\" aria-label=\"Post Thumbnail\" rel=\"bookmark\">\n\t\t\t\t\t\t\t\t<img loading=\"lazy\" decoding=\"async\" width=\"768\" height=\"613\" src=\"https:\/\/web4.karlsruhe.de\/Gemeinderat\/Gruene\/wp-content\/uploads\/2026\/05\/Amalienstrasse_CG-768x613.jpg\" class=\"post-thumbnail wp-post-image\" alt=\"GR\u00dcNE fragen nach st\u00e4dtebaulicher und sozialer Aufwertung der Amalienstra\u00dfe\" \/>\n\n\t\t\t\t\t\t\t<\/a>\n\t\t\t<\/div>\n\t\t\t\t\t<div class=\"p-45\">\n\t\t\t<header class=\"entry-header mb-2\">\n\t\t\t\t\t\t\t\t<h2 class=\"card-title h4 mb-3\"><a href=\"https:\/\/web4.karlsruhe.de\/Gemeinderat\/Gruene\/2026\/05\/gruene-fragen-nach-staedtebaulicher-und-sozialer-aufwertung-der-amalienstrasse\/\" rel=\"bookmark\">GR\u00dcNE fragen nach st\u00e4dtebaulicher und sozialer Aufwertung der Amalienstra\u00dfe<\/a><\/h2>\t\t\t\t\t<div class=\"entry-meta mb-3\">\n\t\t\t\t\t\t<span class=\"posted-on\"><time class=\"entry-date published\" datetime=\"2026-05-12T12:28:56+02:00\">12. Mai 2026<\/time><time class=\"updated\" datetime=\"2026-05-12T12:28:57+02:00\">12. Mai 2026<\/time><\/span>\t\t\t\t\t<\/div><!-- .entry-meta -->\n\t\t\t\t\t\t\t\t<\/header><!-- .entry-header -->\n\n\t\t\t<div class=\"entry-content\">\n\t\t\t\t<a href=\"https:\/\/web4.karlsruhe.de\/Gemeinderat\/Gruene\/2026\/05\/gruene-fragen-nach-staedtebaulicher-und-sozialer-aufwertung-der-amalienstrasse\/\" rel=\"bookmark\">\n\t\t\t\t<p>Die gr\u00fcne Gemeinderatsfraktion fragt danach, mit welchen Ma\u00dfnahmen die aktuelle Situation in der Amalienstra\u00dfe verbessert werden k\u00f6nnte. Stadtr\u00e4tin Ceren Akbaba, Sprecherin der Fraktion f\u00fcr Wirtschaft, weist darauf hin, dass dieser [&hellip;]<\/p>\n\t\t\t\t<\/a>\n\t\t\t<\/div><!-- .entry-content -->\n\n\t\t\t<footer class=\"entry-footer\">\n\t\t\t\t\t\t\t<div class=\"d-flex mt-2 mb-2\">\n\t\t\t\t\t\t\t\t<div>\n\t\t<span class=\"cat-links small\"><a href=\"https:\/\/web4.karlsruhe.de\/Gemeinderat\/Gruene\/kategorie\/aktuelles\/pressemeldungen\/\" rel=\"category tag\">Pressemeldungen<\/a><\/span><br><span class=\"tags-links small\"><a href=\"https:\/\/web4.karlsruhe.de\/Gemeinderat\/Gruene\/thema\/klimaanpassung-und-stadtgruen\/\" rel=\"tag\">Klimaanpassung und Stadtgr\u00fcn<\/a>, <a href=\"https:\/\/web4.karlsruhe.de\/Gemeinderat\/Gruene\/thema\/mobilitaet\/\" rel=\"tag\">Mobilit\u00e4t<\/a>, <a href=\"https:\/\/web4.karlsruhe.de\/Gemeinderat\/Gruene\/thema\/stadtentwicklung\/\" rel=\"tag\">Stadtentwicklung<\/a><\/span>\n\t\t\t\t<\/div>\n\t\t\t<\/div>\n\t\t\n\t\t\t\t<div class=\"d-flex flex-row-reverse\">\n\t\t\t\t\t<a href=\"https:\/\/web4.karlsruhe.de\/Gemeinderat\/Gruene\/2026\/05\/gruene-fragen-nach-staedtebaulicher-und-sozialer-aufwertung-der-amalienstrasse\/\" rel=\"bookmark\" class=\"continue-reading\">\n\t\t\t\t\tweiterlesen\t\t\t\t<\/a>\n\t\t\t\t<\/div>\n\t\t\t<\/footer><!-- .entry-footer -->\n\t\t<\/div>\n\t<\/div>\n<\/article><!-- #post-19484 -->\n<\/div><div class=\"col-md-6\">\n<article id=\"post-19481\" class=\"bg-white mb-4 has-shadow post-19481 post type-post status-publish format-standard has-post-thumbnail hentry category-antraege tag-altenpflege tag-gesundheit tag-seniorinnen tag-soziales\">\n\t<div class=\"\">\n\t\t\t\t\t<div class=\"\">\n\t\t\t\t<a href=\"https:\/\/web4.karlsruhe.de\/Gemeinderat\/Gruene\/2026\/05\/unterstuetzung-fuer-seniorinnen\/\" aria-label=\"Post Thumbnail\" rel=\"bookmark\">\n\t\t\t\t\t\t\t\t<img loading=\"lazy\" decoding=\"async\" width=\"768\" height=\"512\" src=\"https:\/\/web4.karlsruhe.de\/Gemeinderat\/Gruene\/wp-content\/uploads\/2026\/05\/Altenpflege_2653638571-768x512.jpg\" class=\"post-thumbnail wp-post-image\" alt=\"Unterst\u00fctzung f\u00fcr Senior*innen\" \/>\n\n\t\t\t\t\t\t\t<\/a>\n\t\t\t<\/div>\n\t\t\t\t\t<div class=\"p-45\">\n\t\t\t<header class=\"entry-header mb-2\">\n\t\t\t\t\t\t\t\t<h2 class=\"card-title h4 mb-3\"><a href=\"https:\/\/web4.karlsruhe.de\/Gemeinderat\/Gruene\/2026\/05\/unterstuetzung-fuer-seniorinnen\/\" rel=\"bookmark\">Unterst\u00fctzung f\u00fcr Senior*innen<\/a><\/h2>\t\t\t\t\t<div class=\"entry-meta mb-3\">\n\t\t\t\t\t\t<span class=\"posted-on\"><time class=\"entry-date published\" datetime=\"2026-05-12T08:46:14+02:00\">12. Mai 2026<\/time><time class=\"updated\" datetime=\"2026-05-12T08:46:16+02:00\">12. Mai 2026<\/time><\/span>\t\t\t\t\t<\/div><!-- .entry-meta -->\n\t\t\t\t\t\t\t\t<\/header><!-- .entry-header -->\n\n\t\t\t<div class=\"entry-content\">\n\t\t\t\t<a href=\"https:\/\/web4.karlsruhe.de\/Gemeinderat\/Gruene\/2026\/05\/unterstuetzung-fuer-seniorinnen\/\" rel=\"bookmark\">\n\t\t\t\t<p>Die Verwaltung berichtet \u00fcber die Versorgung der Senior*innen im Bereich Alltagsunterst\u00fctzung und allt\u00e4glicher Betreuung: 1. Sie stellt dar, welche Bedeutung ein ausreichend vorhandener Service f\u00fcr das Verbleiben \u00e4lterer Menschen in [&hellip;]<\/p>\n\t\t\t\t<\/a>\n\t\t\t<\/div><!-- .entry-content -->\n\n\t\t\t<footer class=\"entry-footer\">\n\t\t\t\t\t\t\t<div class=\"d-flex mt-2 mb-2\">\n\t\t\t\t\t\t\t\t<div>\n\t\t<span class=\"cat-links small\"><a href=\"https:\/\/web4.karlsruhe.de\/Gemeinderat\/Gruene\/kategorie\/aktuelles\/antraege-anfragen\/antraege\/\" rel=\"category tag\">Antr\u00e4ge<\/a><\/span><br><span class=\"tags-links small\"><a href=\"https:\/\/web4.karlsruhe.de\/Gemeinderat\/Gruene\/thema\/altenpflege\/\" rel=\"tag\">Altenpflege<\/a>, <a href=\"https:\/\/web4.karlsruhe.de\/Gemeinderat\/Gruene\/thema\/gesundheit\/\" rel=\"tag\">Gesundheit<\/a>, <a href=\"https:\/\/web4.karlsruhe.de\/Gemeinderat\/Gruene\/thema\/seniorinnen\/\" rel=\"tag\">Senior*innen\/Pflege<\/a>, <a href=\"https:\/\/web4.karlsruhe.de\/Gemeinderat\/Gruene\/thema\/soziales\/\" rel=\"tag\">Soziales<\/a><\/span>\n\t\t\t\t<\/div>\n\t\t\t<\/div>\n\t\t\n\t\t\t\t<div class=\"d-flex flex-row-reverse\">\n\t\t\t\t\t<a href=\"https:\/\/web4.karlsruhe.de\/Gemeinderat\/Gruene\/2026\/05\/unterstuetzung-fuer-seniorinnen\/\" rel=\"bookmark\" class=\"continue-reading\">\n\t\t\t\t\tweiterlesen\t\t\t\t<\/a>\n\t\t\t\t<\/div>\n\t\t\t<\/footer><!-- .entry-footer -->\n\t\t<\/div>\n\t<\/div>\n<\/article><!-- #post-19481 -->\n<\/div>\n    <a class=\"text-white no-link d-block bg-primary has-green-550-hover-background-color border-radius\" href=\"https:\/\/web4.karlsruhe.de\/Gemeinderat\/Gruene?post_type=post\" rel=\"\">\n        <div class=\"p-45 row\">\n        <span class=\"continue-reading text-white text-center pt-0\">zum Blog-Archiv<\/span>\n        <\/div>\n    <\/a>\n<\/div><\/div><\/div>\n\n\n<div style=\"height:6rem\" aria-hidden=\"true\" class=\"wp-block-spacer\"><\/div>\n","protected":false},"excerpt":{"rendered":"","protected":false},"author":1,"featured_media":18379,"parent":0,"menu_order":0,"comment_status":"closed","ping_status":"closed","template":"","meta":{"footnotes":"","_links_to":"","_links_to_target":""},"class_list":["post-2","page","type-page","status-publish","has-post-thumbnail","hentry"],"_links":{"self":[{"href":"https:\/\/web4.karlsruhe.de\/Gemeinderat\/Gruene\/wp-json\/wp\/v2\/pages\/2","targetHints":{"allow":["GET"]}}],"collection":[{"href":"https:\/\/web4.karlsruhe.de\/Gemeinderat\/Gruene\/wp-json\/wp\/v2\/pages"}],"about":[{"href":"https:\/\/web4.karlsruhe.de\/Gemeinderat\/Gruene\/wp-json\/wp\/v2\/types\/page"}],"author":[{"embeddable":true,"href":"https:\/\/web4.karlsruhe.de\/Gemeinderat\/Gruene\/wp-json\/wp\/v2\/users\/1"}],"replies":[{"embeddable":true,"href":"https:\/\/web4.karlsruhe.de\/Gemeinderat\/Gruene\/wp-json\/wp\/v2\/comments?post=2"}],"version-history":[{"count":15,"href":"https:\/\/web4.karlsruhe.de\/Gemeinderat\/Gruene\/wp-json\/wp\/v2\/pages\/2\/revisions"}],"predecessor-version":[{"id":19486,"href":"https:\/\/web4.karlsruhe.de\/Gemeinderat\/Gruene\/wp-json\/wp\/v2\/pages\/2\/revisions\/19486"}],"wp:featuredmedia":[{"embeddable":true,"href":"https:\/\/web4.karlsruhe.de\/Gemeinderat\/Gruene\/wp-json\/wp\/v2\/media\/18379"}],"wp:attachment":[{"href":"https:\/\/web4.karlsruhe.de\/Gemeinderat\/Gruene\/wp-json\/wp\/v2\/media?parent=2"}],"curies":[{"name":"wp","href":"https:\/\/api.w.org\/{rel}","templated":true}]}}