{"id":16866,"date":"2024-07-23T09:46:16","date_gmt":"2024-07-23T07:46:16","guid":{"rendered":"https:\/\/web4.karlsruhe.de\/Gemeinderat\/Gruene\/?page_id=16866"},"modified":"2026-04-01T11:55:50","modified_gmt":"2026-04-01T09:55:50","slug":"dr-susanne-heynen","status":"publish","type":"page","link":"https:\/\/web4.karlsruhe.de\/Gemeinderat\/Gruene\/personen\/fraktionsmitglieder\/dr-susanne-heynen\/","title":{"rendered":"Dr. Susanne Heynen"},"content":{"rendered":"\n<ul class=\"wp-block-social-links is-layout-flex wp-block-social-links-is-layout-flex\"><li class=\"wp-social-link wp-social-link-facebook  wp-block-social-link\"><a href=\"https:\/\/www.facebook.com\/susanne.heynen\" class=\"wp-block-social-link-anchor\"><svg width=\"24\" height=\"24\" viewBox=\"0 0 24 24\" version=\"1.1\" xmlns=\"http:\/\/www.w3.org\/2000\/svg\" aria-hidden=\"true\" focusable=\"false\"><path d=\"M12 2C6.5 2 2 6.5 2 12c0 5 3.7 9.1 8.4 9.9v-7H7.9V12h2.5V9.8c0-2.5 1.5-3.9 3.8-3.9 1.1 0 2.2.2 2.2.2v2.5h-1.3c-1.2 0-1.6.8-1.6 1.6V12h2.8l-.4 2.9h-2.3v7C18.3 21.1 22 17 22 12c0-5.5-4.5-10-10-10z\"><\/path><\/svg><span class=\"wp-block-social-link-label screen-reader-text\">Facebook<\/span><\/a><\/li>\n\n<li class=\"wp-social-link wp-social-link-instagram  wp-block-social-link\"><a href=\"https:\/\/www.instagram.com\/susanneheynen\/\" class=\"wp-block-social-link-anchor\"><svg width=\"24\" height=\"24\" viewBox=\"0 0 24 24\" version=\"1.1\" xmlns=\"http:\/\/www.w3.org\/2000\/svg\" aria-hidden=\"true\" focusable=\"false\"><path d=\"M12,4.622c2.403,0,2.688,0.009,3.637,0.052c0.877,0.04,1.354,0.187,1.671,0.31c0.42,0.163,0.72,0.358,1.035,0.673 c0.315,0.315,0.51,0.615,0.673,1.035c0.123,0.317,0.27,0.794,0.31,1.671c0.043,0.949,0.052,1.234,0.052,3.637 s-0.009,2.688-0.052,3.637c-0.04,0.877-0.187,1.354-0.31,1.671c-0.163,0.42-0.358,0.72-0.673,1.035 c-0.315,0.315-0.615,0.51-1.035,0.673c-0.317,0.123-0.794,0.27-1.671,0.31c-0.949,0.043-1.233,0.052-3.637,0.052 s-2.688-0.009-3.637-0.052c-0.877-0.04-1.354-0.187-1.671-0.31c-0.42-0.163-0.72-0.358-1.035-0.673 c-0.315-0.315-0.51-0.615-0.673-1.035c-0.123-0.317-0.27-0.794-0.31-1.671C4.631,14.688,4.622,14.403,4.622,12 s0.009-2.688,0.052-3.637c0.04-0.877,0.187-1.354,0.31-1.671c0.163-0.42,0.358-0.72,0.673-1.035 c0.315-0.315,0.615-0.51,1.035-0.673c0.317-0.123,0.794-0.27,1.671-0.31C9.312,4.631,9.597,4.622,12,4.622 M12,3 C9.556,3,9.249,3.01,8.289,3.054C7.331,3.098,6.677,3.25,6.105,3.472C5.513,3.702,5.011,4.01,4.511,4.511 c-0.5,0.5-0.808,1.002-1.038,1.594C3.25,6.677,3.098,7.331,3.054,8.289C3.01,9.249,3,9.556,3,12c0,2.444,0.01,2.751,0.054,3.711 c0.044,0.958,0.196,1.612,0.418,2.185c0.23,0.592,0.538,1.094,1.038,1.594c0.5,0.5,1.002,0.808,1.594,1.038 c0.572,0.222,1.227,0.375,2.185,0.418C9.249,20.99,9.556,21,12,21s2.751-0.01,3.711-0.054c0.958-0.044,1.612-0.196,2.185-0.418 c0.592-0.23,1.094-0.538,1.594-1.038c0.5-0.5,0.808-1.002,1.038-1.594c0.222-0.572,0.375-1.227,0.418-2.185 C20.99,14.751,21,14.444,21,12s-0.01-2.751-0.054-3.711c-0.044-0.958-0.196-1.612-0.418-2.185c-0.23-0.592-0.538-1.094-1.038-1.594 c-0.5-0.5-1.002-0.808-1.594-1.038c-0.572-0.222-1.227-0.375-2.185-0.418C14.751,3.01,14.444,3,12,3L12,3z M12,7.378 c-2.552,0-4.622,2.069-4.622,4.622S9.448,16.622,12,16.622s4.622-2.069,4.622-4.622S14.552,7.378,12,7.378z M12,15 c-1.657,0-3-1.343-3-3s1.343-3,3-3s3,1.343,3,3S13.657,15,12,15z M16.804,6.116c-0.596,0-1.08,0.484-1.08,1.08 s0.484,1.08,1.08,1.08c0.596,0,1.08-0.484,1.08-1.08S17.401,6.116,16.804,6.116z\"><\/path><\/svg><span class=\"wp-block-social-link-label screen-reader-text\">Instagram<\/span><\/a><\/li><\/ul>\n\n\n\n<p>Diplom-Psychologin<\/p>\n\n\n\n<p><strong>Kontakt \u00fcber das Fraktionsb\u00fcro:<\/strong><br>Hebelstra\u00dfe 21<br>76133 Karlsruhe<br>Tel: (07 21) 133 1093<\/p>\n\n\n\n<p><a href=\"#\" data-unscramble=\"ed&#46;ehurslrak&#46;rg&#64;nenyeh&#46;e&#110;&#110;&#97;&#115;&#117;&#115;\">su&#115;&#97;&#110;&#x6e;&#x65;&#x2e;&#x68;ey&#110;&#101;&#110;&#x40;&#x67;&#x72;&#x2e;ka&#114;&#108;&#115;&#x72;&#x75;&#x68;&#x65;&#46;d&#101;<\/a><\/p>\n\n\n\n<p>Stadtr\u00e4tin seit 2024<\/p>\n\n\n\n<p><strong>Gremien:<\/strong><\/p>\n\n\n\n<ul class=\"wp-block-list\">\n<li>Aufsichtsrat KME, Karlsruhe Marketing und Event GmbH<\/li>\n\n\n\n<li>Aufsichtsrat KTG, Karlsruher Tourismus GmbH<br><br><\/li>\n\n\n\n<li>Integrationsauschuss<\/li>\n\n\n\n<li>Kulturausschuss<\/li>\n\n\n\n<li>Kunstkommission<\/li>\n\n\n\n<li>Personalausschuss<\/li>\n\n\n\n<li>Planungsausschuss<\/li>\n\n\n\n<li>Umlegungsausschuss<br><br><\/li>\n\n\n\n<li>Betriebsausschuss &#8222;Eigenbetrieb Abfallwirtschaft und Stadtreinigung&#8220; <\/li>\n\n\n\n<li>AK Integrationsausschuss<\/li>\n\n\n\n<li>Europ\u00e4ischer Verband Eurodistrikt Pamina <\/li>\n\n\n\n<li>Gestaltungsbeirat<\/li>\n\n\n\n<li>Sanierungsbeirat Gewerbegebiet Gr\u00fcnwinkel<\/li>\n\n\n\n<li>Verbandsversammlung Nachbarschaftsverband Karlsruhe (NVK)<\/li>\n\n\n\n<li>Verwaltungsrat f\u00fcr das Badische Konservatorium<\/li>\n\n\n\n<li>Verwaltungsrat f\u00fcr das Badische Staatstheater<\/li>\n<\/ul>\n\n\n\n<p><\/p>\n\n\n\n<p><strong>Fachsprecherin f\u00fcr:<\/strong><\/p>\n\n\n\n<ul class=\"wp-block-list\">\n<li>Hochschulen und Wissenschaft<\/li>\n\n\n\n<li>Kultur<\/li>\n\n\n\n<li>Mobilit\u00e4t<\/li>\n\n\n\n<li>Stadtplanung<\/li>\n\n\n\n<li>Verwaltung und Personal<\/li>\n<\/ul>\n\n\n\n<p><strong>Kontaktperson f\u00fcr die Stadtteile:<\/strong><\/p>\n\n\n\n<ul class=\"wp-block-list\">\n<li>Gr\u00fcnwinkel<\/li>\n\n\n\n<li>Oberreut<\/li>\n<\/ul>\n","protected":false},"excerpt":{"rendered":"<p>Diplom-Psychologin Kontakt \u00fcber das Fraktionsb\u00fcro:Hebelstra\u00dfe 2176133 KarlsruheTel: (07 21) 133 1093 &#x73;&#x75;&#x73;&#97;&#110;ne&#x2e;&#x68;&#x65;&#121;&#110;en&#x40;&#x67;&#x72;&#46;&#107;ar&#x6c;&#x73;&#x72;&#117;&#104;e&#46;&#x64;&#x65; Stadtr\u00e4tin seit 2024 Gremien: Fachsprecherin f\u00fcr: Kontaktperson f\u00fcr die Stadtteile:<\/p>\n","protected":false},"author":4,"featured_media":16870,"parent":16,"menu_order":90,"comment_status":"closed","ping_status":"closed","template":"","meta":{"footnotes":"","_links_to":"","_links_to_target":""},"class_list":["post-16866","page","type-page","status-publish","has-post-thumbnail","hentry"],"_links":{"self":[{"href":"https:\/\/web4.karlsruhe.de\/Gemeinderat\/Gruene\/wp-json\/wp\/v2\/pages\/16866","targetHints":{"allow":["GET"]}}],"collection":[{"href":"https:\/\/web4.karlsruhe.de\/Gemeinderat\/Gruene\/wp-json\/wp\/v2\/pages"}],"about":[{"href":"https:\/\/web4.karlsruhe.de\/Gemeinderat\/Gruene\/wp-json\/wp\/v2\/types\/page"}],"author":[{"embeddable":true,"href":"https:\/\/web4.karlsruhe.de\/Gemeinderat\/Gruene\/wp-json\/wp\/v2\/users\/4"}],"replies":[{"embeddable":true,"href":"https:\/\/web4.karlsruhe.de\/Gemeinderat\/Gruene\/wp-json\/wp\/v2\/comments?post=16866"}],"version-history":[{"count":20,"href":"https:\/\/web4.karlsruhe.de\/Gemeinderat\/Gruene\/wp-json\/wp\/v2\/pages\/16866\/revisions"}],"predecessor-version":[{"id":19352,"href":"https:\/\/web4.karlsruhe.de\/Gemeinderat\/Gruene\/wp-json\/wp\/v2\/pages\/16866\/revisions\/19352"}],"up":[{"embeddable":true,"href":"https:\/\/web4.karlsruhe.de\/Gemeinderat\/Gruene\/wp-json\/wp\/v2\/pages\/16"}],"wp:featuredmedia":[{"embeddable":true,"href":"https:\/\/web4.karlsruhe.de\/Gemeinderat\/Gruene\/wp-json\/wp\/v2\/media\/16870"}],"wp:attachment":[{"href":"https:\/\/web4.karlsruhe.de\/Gemeinderat\/Gruene\/wp-json\/wp\/v2\/media?parent=16866"}],"curies":[{"name":"wp","href":"https:\/\/api.w.org\/{rel}","templated":true}]}}