{"id":16856,"date":"2024-07-19T14:21:22","date_gmt":"2024-07-19T12:21:22","guid":{"rendered":"https:\/\/web4.karlsruhe.de\/Gemeinderat\/Gruene\/?page_id=16856"},"modified":"2026-04-01T12:04:38","modified_gmt":"2026-04-01T10:04:38","slug":"ceren-akbaba","status":"publish","type":"page","link":"https:\/\/web4.karlsruhe.de\/Gemeinderat\/Gruene\/personen\/fraktionsmitglieder\/ceren-akbaba\/","title":{"rendered":"Ceren Akbaba"},"content":{"rendered":"\n<p>Projektmanagerin<\/p>\n\n\n\n<p><strong>Kontakt \u00fcber das Fraktionsb\u00fcro:<\/strong><br>Hebelstra\u00dfe 21<br>76133 Karlsruhe<br>Tel: (07 21) 133 1093<\/p>\n\n\n\n<p><a href=\"#\" data-unscramble=\"&#101;&#x64;&#46;&#101;&#x68;u&#x72;&#x73;&#108;&#x72;a&#107;&#x2e;r&#103;&#x40;&#97;&#x62;a&#98;&#x6b;a&#46;&#x6e;&#101;&#x72;&#x65;&#99;\">c&#101;&#114;&#x65;&#x6e;&#46;a&#107;&#98;&#x61;&#x62;a&#64;&#103;&#114;&#x2e;&#x6b;ar&#108;&#x73;&#x72;&#x75;h&#101;&#46;&#x64;&#x65;<\/a><\/p>\n\n\n\n<p>Stadtr\u00e4tin seit 2024<\/p>\n\n\n\n<p><strong>Gremien:<\/strong><\/p>\n\n\n\n<ul class=\"wp-block-list\">\n<li>Aufsichtsrat F\u00e4cher &#8211; Karlsruher F\u00e4cher GmbH<br><br><\/li>\n\n\n\n<li>Ausschuss f\u00fcr Wirtschaft und Wissenschaft<\/li>\n\n\n\n<li>Bauausschuss <\/li>\n\n\n\n<li>Planungsausschuss<\/li>\n\n\n\n<li>Integrationsausschuss<\/li>\n\n\n\n<li>Kulturausschuss<\/li>\n\n\n\n<li>Umlegungsausschuss<br><br><\/li>\n\n\n\n<li>AK Integrationsausschuss<\/li>\n\n\n\n<li>Sanierungsbeirat Kaiserstra\u00dfe-West<\/li>\n\n\n\n<li>ZKM, Stiftungsrat f\u00fcr das Zentrum f\u00fcr Kunst und Medien Karlsruhe<\/li>\n\n\n\n<li>Verbandsversammlung Nachbarschaftsverband Karlsruhe (NVK)<\/li>\n\n\n\n<li>Verbandsversammlung Verband Region Karlsruhe (VRK)<\/li>\n<\/ul>\n\n\n\n<p><\/p>\n\n\n\n<p><strong>Fachsprecherin f\u00fcr:<\/strong><\/p>\n\n\n\n<ul class=\"wp-block-list\">\n<li>Digitalisierung<\/li>\n\n\n\n<li>Integration<\/li>\n\n\n\n<li>Kultur<\/li>\n\n\n\n<li>Wirtschaft<\/li>\n<\/ul>\n\n\n\n<p><strong>Kontaktperson f\u00fcr die Stadtteile:<\/strong><\/p>\n\n\n\n<ul class=\"wp-block-list\">\n<li>R\u00fcppurr<\/li>\n\n\n\n<li>Weiherfeld-Dammerstock<\/li>\n<\/ul>\n","protected":false},"excerpt":{"rendered":"<p>Projektmanagerin Kontakt \u00fcber das Fraktionsb\u00fcro:Hebelstra\u00dfe 2176133 KarlsruheTel: (07 21) 133 1093 &#x63;&#x65;&#x72;&#x65;&#x6e;&#x2e;&#97;&#107;&#98;&#97;ba&#64;g&#x72;&#x2e;&#x6b;&#x61;&#x72;&#x6c;&#115;&#114;&#117;&#104;&#101;&#46;de Stadtr\u00e4tin seit 2024 Gremien: Fachsprecherin f\u00fcr: Kontaktperson f\u00fcr die Stadtteile:<\/p>\n","protected":false},"author":4,"featured_media":16857,"parent":16,"menu_order":50,"comment_status":"closed","ping_status":"closed","template":"","meta":{"footnotes":"","_links_to":"","_links_to_target":""},"class_list":["post-16856","page","type-page","status-publish","has-post-thumbnail","hentry"],"_links":{"self":[{"href":"https:\/\/web4.karlsruhe.de\/Gemeinderat\/Gruene\/wp-json\/wp\/v2\/pages\/16856","targetHints":{"allow":["GET"]}}],"collection":[{"href":"https:\/\/web4.karlsruhe.de\/Gemeinderat\/Gruene\/wp-json\/wp\/v2\/pages"}],"about":[{"href":"https:\/\/web4.karlsruhe.de\/Gemeinderat\/Gruene\/wp-json\/wp\/v2\/types\/page"}],"author":[{"embeddable":true,"href":"https:\/\/web4.karlsruhe.de\/Gemeinderat\/Gruene\/wp-json\/wp\/v2\/users\/4"}],"replies":[{"embeddable":true,"href":"https:\/\/web4.karlsruhe.de\/Gemeinderat\/Gruene\/wp-json\/wp\/v2\/comments?post=16856"}],"version-history":[{"count":18,"href":"https:\/\/web4.karlsruhe.de\/Gemeinderat\/Gruene\/wp-json\/wp\/v2\/pages\/16856\/revisions"}],"predecessor-version":[{"id":19354,"href":"https:\/\/web4.karlsruhe.de\/Gemeinderat\/Gruene\/wp-json\/wp\/v2\/pages\/16856\/revisions\/19354"}],"up":[{"embeddable":true,"href":"https:\/\/web4.karlsruhe.de\/Gemeinderat\/Gruene\/wp-json\/wp\/v2\/pages\/16"}],"wp:featuredmedia":[{"embeddable":true,"href":"https:\/\/web4.karlsruhe.de\/Gemeinderat\/Gruene\/wp-json\/wp\/v2\/media\/16857"}],"wp:attachment":[{"href":"https:\/\/web4.karlsruhe.de\/Gemeinderat\/Gruene\/wp-json\/wp\/v2\/media?parent=16856"}],"curies":[{"name":"wp","href":"https:\/\/api.w.org\/{rel}","templated":true}]}}