{"id":13,"date":"2020-04-17T17:27:32","date_gmt":"2020-04-17T15:27:32","guid":{"rendered":"http:\/\/localhost:8081\/?page_id=13"},"modified":"2024-07-29T08:52:12","modified_gmt":"2024-07-29T06:52:12","slug":"themen","status":"publish","type":"page","link":"https:\/\/web4.karlsruhe.de\/Gemeinderat\/Gruene\/themen\/","title":{"rendered":"Themen"},"content":{"rendered":"\n<p>Wir setzen uns ein f\u00fcr ein Karlsruhe, in dem sich alle \u2013 unabh\u00e4ngig von Herkunft, ethnischer Zugeh\u00f6rigkeit, weltanschaulicher \u00dcberzeugung, Geschlecht oder sexueller Orientierung \u2013 wohlf\u00fchlen und entfalten k\u00f6nnen. Ein Karlsruhe, in dem ein echtes Zusammenleben von jungen und alten Menschen, von Familien in ihrer ganzen Vielfalt, Alleinstehenden, Kindern, Jugendlichen und Senior*innen stattfindet. Ein Karlsruhe, das \u00f6kologisch und sozial verantwortungsvoll handelt. Ein Karlsruhe, das sich klar gegen Rassismus und Nationalismus stellt und Europas Demokratie verteidigt.<\/p>\n\n\n\n<p>Hier geht es zu unseren <a href=\"https:\/\/web4.karlsruhe.de\/Gemeinderat\/Gruene\/themen\/unsere-schwerpunkte\/\">Schwerpunkten<\/a> samt Ansprechparter*innen und im <a href=\"https:\/\/web4.karlsruhe.de\/Gemeinderat\/Gruene\/themen-a-z\/\">Themen A-Z<\/a> finden Sie unsere Aktivit\u00e4ten je Thema gegliedert. <\/p>\n\n\n\n<p>Unsere Vorhaben finden Sie im <a href=\"https:\/\/web4.karlsruhe.de\/Gemeinderat\/Gruene\/wp-content\/uploads\/2024\/07\/Wahlprogramm-2024.pdf\" data-type=\"link\" data-id=\"https:\/\/web4.karlsruhe.de\/Gemeinderat\/Gruene\/wp-content\/uploads\/2024\/07\/Wahlprogramm-2024.pdf\">Kommunalwahlprogramm 2024<\/a> von B\u00dcNDNIS 90\/DIE GR\u00dcNEN Karlsruhe.<\/p>\n\n\n\n<p><\/p>\n","protected":false},"excerpt":{"rendered":"<p>Wir setzen uns ein f\u00fcr ein Karlsruhe, in dem sich alle \u2013 unabh\u00e4ngig von Herkunft, ethnischer Zugeh\u00f6rigkeit, weltanschaulicher \u00dcberzeugung, Geschlecht oder sexueller Orientierung \u2013 wohlf\u00fchlen und entfalten k\u00f6nnen. Ein Karlsruhe, [&hellip;]<\/p>\n","protected":false},"author":1,"featured_media":0,"parent":0,"menu_order":0,"comment_status":"closed","ping_status":"closed","template":"","meta":{"footnotes":"","_links_to":"","_links_to_target":""},"class_list":["post-13","page","type-page","status-publish","hentry"],"_links":{"self":[{"href":"https:\/\/web4.karlsruhe.de\/Gemeinderat\/Gruene\/wp-json\/wp\/v2\/pages\/13","targetHints":{"allow":["GET"]}}],"collection":[{"href":"https:\/\/web4.karlsruhe.de\/Gemeinderat\/Gruene\/wp-json\/wp\/v2\/pages"}],"about":[{"href":"https:\/\/web4.karlsruhe.de\/Gemeinderat\/Gruene\/wp-json\/wp\/v2\/types\/page"}],"author":[{"embeddable":true,"href":"https:\/\/web4.karlsruhe.de\/Gemeinderat\/Gruene\/wp-json\/wp\/v2\/users\/1"}],"replies":[{"embeddable":true,"href":"https:\/\/web4.karlsruhe.de\/Gemeinderat\/Gruene\/wp-json\/wp\/v2\/comments?post=13"}],"version-history":[{"count":7,"href":"https:\/\/web4.karlsruhe.de\/Gemeinderat\/Gruene\/wp-json\/wp\/v2\/pages\/13\/revisions"}],"predecessor-version":[{"id":16980,"href":"https:\/\/web4.karlsruhe.de\/Gemeinderat\/Gruene\/wp-json\/wp\/v2\/pages\/13\/revisions\/16980"}],"wp:attachment":[{"href":"https:\/\/web4.karlsruhe.de\/Gemeinderat\/Gruene\/wp-json\/wp\/v2\/media?parent=13"}],"curies":[{"name":"wp","href":"https:\/\/api.w.org\/{rel}","templated":true}]}}