{"id":120,"date":"2020-04-20T22:14:09","date_gmt":"2020-04-20T20:14:09","guid":{"rendered":"https:\/\/web6.karlsruhe.de\/Gemeinderat\/Gruene\/?page_id=120"},"modified":"2025-10-08T10:18:12","modified_gmt":"2025-10-08T08:18:12","slug":"impressum","status":"publish","type":"page","link":"https:\/\/web4.karlsruhe.de\/Gemeinderat\/Gruene\/impressum\/","title":{"rendered":"Impressum"},"content":{"rendered":"\n<p>B\u00dcNDNIS 90\/DIE GR\u00dcNEN<br>Gemeinderatsfraktion<br>Hebelstr. 21<br>76133 Karlsruhe<br>Telefon: 0721 &#8211; 133 1093<br>E-mail: <a href=\"#\" data-unscramble=\"ed.ehurslrak.noitkarf@eneurg\">gruene&#64;fraktion&#46;karlsruh&#101;&#46;&#100;&#101;<\/a><\/p>\n\n\n\n<p><strong>Verantwortlich im Sinne des Pressegesetzes:<\/strong><\/p>\n\n\n\n<p>Karin Wolff, Fraktionsgesch\u00e4ftsf\u00fchrerin<br>Hebelstr. 21<br>76133 Karlsruhe<br>Telefon: 0721 \u2013 133 1093<br>E-mail: <a href=\"#\" data-unscramble=\"ed.ehurslrak.noitkarf@eneurg\">&#103;&#x72;&#x75;e&#110;&#x65;&#64;&#102;&#x72;a&#107;&#x74;i&#111;&#x6e;&#x2e;&#107;&#x61;&#x72;l&#115;&#x72;u&#104;&#x65;&#46;&#100;&#x65;<\/a><\/p>\n\n\n\n<p><strong>Urheber*innenrecht:<\/strong><\/p>\n\n\n\n<p>Die Inhalte dieser Homepage sind urheberrechtlich gesch\u00fctzt, ihre weitere Verbreitung ist aber ausdr\u00fccklich erw\u00fcnscht. Bei Ver\u00f6ffentlichung der Texte geben Sie bitte als Quelle \u201ewww.gruene-fraktion-ka.de\u201c&nbsp;an. F\u00fcr weitergehende Nutzungsrechte setzen Sie sich bitte mit der Gesch\u00e4ftsstelle\/Redaktion in Verbindung.<\/p>\n\n\n\n<p><strong>Haftung f\u00fcr Inhalte:<\/strong><\/p>\n\n\n\n<p>Der Betreiber dieser Seiten \u00fcbernimmt gem\u00e4\u00df \u00a7 7 Abs.1 DDG (Digitale-Dienste-Gesetz) die Verantwortung f\u00fcr eigene Inhalte auf dieser Seite nach den allgemeinen Gesetzen. Die Inhalte wurden mit gr\u00f6\u00dfter Sorgfalt erstellt. Eine Gew\u00e4hr f\u00fcr Richtigkeit, Vollst\u00e4ndigkeit und Aktualit\u00e4t der Inhalte wird jedoch nicht \u00fcbernommen.<\/p>\n\n\n\n<p><strong>Haftung f\u00fcr Links:<\/strong><\/p>\n\n\n\n<p>Unser Angebot enth\u00e4lt Links zu externen Webseiten Dritter, auf deren Inhalte wir keinen Einfluss haben. Deshalb k\u00f6nnen wir f\u00fcr diese fremden Inhalte auch keine Gew\u00e4hr \u00fcbernehmen. F\u00fcr die Inhalte der verlinkten Seiten ist stets der jeweilige Anbieter oder Betreiber der Seiten verantwortlich. Die verlinkten Seiten wurden zum Zeitpunkt der Verlinkung auf m\u00f6gliche Rechtsverst\u00f6\u00dfe \u00fcberpr\u00fcft. Rechtswidrige Inhalte waren zum Zeitpunkt der Verlinkung nicht erkennbar. Eine permanente inhaltliche Kontrolle der verlinkten Seiten ist jedoch ohne konkrete Anhaltspunkte einer Rechtsverletzung nicht zumutbar. Bei bekannt werden von Rechtsverletzungen werden wir derartige Links umgehend entfernen.<\/p>\n\n\n\n<p>Stand: 08. Oktober 2025<\/p>\n","protected":false},"excerpt":{"rendered":"<p>B\u00dcNDNIS 90\/DIE GR\u00dcNENGemeinderatsfraktionHebelstr. 2176133 KarlsruheTelefon: 0721 &#8211; 133 1093E-mail: &#103;&#x72;u&#x65;&#x6e;&#101;&#x40;f&#114;&#x61;&#107;&#x74;i&#111;&#x6e;&#46;&#x6b;a&#114;&#x6c;s&#x72;&#x75;&#104;&#x65;&#46;&#100;&#x65; Verantwortlich im Sinne des Pressegesetzes: Karin Wolff, Fraktionsgesch\u00e4ftsf\u00fchrerinHebelstr. 2176133 KarlsruheTelefon: 0721 \u2013 133 1093E-mail: gru&#101;&#110;&#101;&#64;&#x66;&#x72;&#x61;&#x6b;&#x74;&#x69;&#x6f;n&#46;k&#97;&#114;&#108;&#115;&#114;&#x75;&#x68;&#x65;&#x2e;&#x64;&#x65; Urheber*innenrecht: Die Inhalte dieser Homepage [&hellip;]<\/p>\n","protected":false},"author":1,"featured_media":0,"parent":0,"menu_order":0,"comment_status":"closed","ping_status":"closed","template":"","meta":{"footnotes":"","_links_to":"","_links_to_target":""},"class_list":["post-120","page","type-page","status-publish","hentry"],"_links":{"self":[{"href":"https:\/\/web4.karlsruhe.de\/Gemeinderat\/Gruene\/wp-json\/wp\/v2\/pages\/120","targetHints":{"allow":["GET"]}}],"collection":[{"href":"https:\/\/web4.karlsruhe.de\/Gemeinderat\/Gruene\/wp-json\/wp\/v2\/pages"}],"about":[{"href":"https:\/\/web4.karlsruhe.de\/Gemeinderat\/Gruene\/wp-json\/wp\/v2\/types\/page"}],"author":[{"embeddable":true,"href":"https:\/\/web4.karlsruhe.de\/Gemeinderat\/Gruene\/wp-json\/wp\/v2\/users\/1"}],"replies":[{"embeddable":true,"href":"https:\/\/web4.karlsruhe.de\/Gemeinderat\/Gruene\/wp-json\/wp\/v2\/comments?post=120"}],"version-history":[{"count":10,"href":"https:\/\/web4.karlsruhe.de\/Gemeinderat\/Gruene\/wp-json\/wp\/v2\/pages\/120\/revisions"}],"predecessor-version":[{"id":18504,"href":"https:\/\/web4.karlsruhe.de\/Gemeinderat\/Gruene\/wp-json\/wp\/v2\/pages\/120\/revisions\/18504"}],"wp:attachment":[{"href":"https:\/\/web4.karlsruhe.de\/Gemeinderat\/Gruene\/wp-json\/wp\/v2\/media?parent=120"}],"curies":[{"name":"wp","href":"https:\/\/api.w.org\/{rel}","templated":true}]}}